{"id":1354,"date":"2024-09-16T14:06:22","date_gmt":"2024-09-16T14:06:22","guid":{"rendered":"https:\/\/oxfordlearning.com\/?page_id=1354"},"modified":"2024-10-07T15:18:35","modified_gmt":"2024-10-07T15:18:35","slug":"engagement-communautaire-et-caritatif","status":"publish","type":"page","link":"https:\/\/oxfordlearning.com\/fr\/engagement-communautaire-et-caritatif\/","title":{"rendered":"Engagement communautaire et caritatif"},"content":{"rendered":"\t\t<div data-elementor-type=\"wp-page\" data-elementor-id=\"1354\" class=\"elementor elementor-1354\" data-elementor-post-type=\"page\">\n\t\t\t\t<div class=\"elementor-element elementor-element-7a13825e other-hero e-con-full e-flex e-con e-parent\" data-id=\"7a13825e\" data-element_type=\"container\" data-e-type=\"container\" data-settings=\"{&quot;background_background&quot;:&quot;classic&quot;}\">\n\t\t<div class=\"elementor-element elementor-element-181ea37c e-con-full e-flex e-con e-child\" data-id=\"181ea37c\" data-element_type=\"container\" data-e-type=\"container\">\n\t\t\t\t<div class=\"elementor-element elementor-element-2d1a644f elementor-widget elementor-widget-heading\" data-id=\"2d1a644f\" data-element_type=\"widget\" data-e-type=\"widget\" data-widget_type=\"heading.default\">\n\t\t\t\t<div class=\"elementor-widget-container\">\n\t\t\t\t\t<h1 class=\"elementor-heading-title elementor-size-default\">Engagement communautaire et caritatif<\/h1>\t\t\t\t<\/div>\n\t\t\t\t<\/div>\n\t\t\t\t<div class=\"elementor-element elementor-element-315f66fc elementor-tablet-align-center elementor-widget elementor-widget-breadcrumbs\" data-id=\"315f66fc\" data-element_type=\"widget\" data-e-type=\"widget\" data-widget_type=\"breadcrumbs.default\">\n\t\t\t\t<div class=\"elementor-widget-container\">\n\t\t\t\t\t<p id=\"breadcrumbs\"><span><span><a href=\"https:\/\/oxfordlearning.com\/fr\/\">Accueil<\/a><\/span><\/span><\/p>\t\t\t\t<\/div>\n\t\t\t\t<\/div>\n\t\t\t\t<\/div>\n\t\t\t\t<\/div>\n\t\t<div class=\"elementor-element elementor-element-6b4041c e-flex e-con-boxed e-con e-parent\" data-id=\"6b4041c\" data-element_type=\"container\" data-e-type=\"container\">\n\t\t\t\t\t<div class=\"e-con-inner\">\n\t\t\t\t<div class=\"elementor-element elementor-element-86edbe1 elementor-widget elementor-widget-heading\" data-id=\"86edbe1\" data-element_type=\"widget\" data-e-type=\"widget\" data-widget_type=\"heading.default\">\n\t\t\t\t<div class=\"elementor-widget-container\">\n\t\t\t\t\t<h2 class=\"elementor-heading-title elementor-size-default\">Oxford Learning: Un engagement communautaire et caritatif<\/h2>\t\t\t\t<\/div>\n\t\t\t\t<\/div>\n\t\t\t\t<div class=\"elementor-element elementor-element-2c24b64 elementor-widget-divider--view-line elementor-widget elementor-widget-global elementor-global-195 elementor-widget-divider\" data-id=\"2c24b64\" data-element_type=\"widget\" data-e-type=\"widget\" data-widget_type=\"divider.default\">\n\t\t\t\t<div class=\"elementor-widget-container\">\n\t\t\t\t\t\t\t<div class=\"elementor-divider\">\n\t\t\t<span class=\"elementor-divider-separator\">\n\t\t\t\t\t\t<\/span>\n\t\t<\/div>\n\t\t\t\t\t\t<\/div>\n\t\t\t\t<\/div>\n\t\t\t\t<div class=\"elementor-element elementor-element-237d274 elementor-widget elementor-widget-text-editor\" data-id=\"237d274\" data-element_type=\"widget\" data-e-type=\"widget\" data-widget_type=\"text-editor.default\">\n\t\t\t\t<div class=\"elementor-widget-container\">\n\t\t\t\t\t\t\t\t\t<h2><b style=\"text-align: var(--text-align); color: var( --e-global-color-text ); font-family: var( --e-global-typography-text-font-family ), Sans-serif; font-size: var( --e-global-typography-text-font-size );\">\u00c0 Oxford Learning, nous estimons qu\u2019il est important d\u2019aider les enfants \u00e0 surmonter les obstacles entravant leur r\u00e9ussite scolaire et leur vie.<\/b><\/h2><p><b>\u00c0 Oxford Learning, nous estimons qu\u2019il est important de fournir des ressources \u00e9ducatives de qualit\u00e9 \u00e0 tous les enfants, peu importe leur situation.<\/b><\/p><p><b>\u00c0 Oxford Learning, nous estimons que la r\u00e9ciprocit\u00e9 est importante.<\/b><\/p><p><b>\u00c0 Oxford Learning, nous estimons qu\u2019il est tr\u00e8s important d\u2019offrir du soutien \u00e0 notre communaut\u00e9.<\/b><\/p><p>\u00c0 Oxford Learning, notre passion est d\u2019aider les enfants \u00e0 vivre des r\u00e9ussites, autant au niveau scolaire que dans leur vie\u2014c\u2019est le fondement m\u00eame de notre mission.<\/p><p>Il va donc de soi que nous soyons tout aussi passionn\u00e9s d\u2019aider les enfants \u00e0 surmonter les obstacles qui briment leur acc\u00e8s aux services et aux ressources \u00e9ducatives.<\/p><p>Pour plusieurs enfants du monde, avoir un avenir prometteur signifie bien plus qu\u2019avoir acc\u00e8s \u00e0 l\u2019\u00e9ducation. La sant\u00e9, la situation g\u00e9ographique, la pauvret\u00e9 et la maladie sont autant d\u2019obstacles qui emp\u00eachent l\u2019\u00e9panouissement et le d\u00e9veloppement \u00e9ducatif des enfants du monde. \u00c0 Oxford Learning, nous nous engageons \u00e0 faire tomber ses barri\u00e8res de mani\u00e8re \u00e0 ce que les jeunes puissent s\u2019\u00e9panouir et profiter au maximum de la vie, pour leur offrir un meilleur avenir.<\/p><p>Pour toutes ces raisons et pour bien d\u2019autres, \u00e0 Oxford Learning nous estimons qu\u2019il est important de s\u2019impliquer en soutenant des organismes caritatifs venant en aide aux enfants.<\/p><p>Voici quelques unes des organismes caritatifs avec lesquels Oxford Learning travaille afin d\u2019apporter un soutien aux enfants.<\/p>\t\t\t\t\t\t\t\t<\/div>\n\t\t\t\t<\/div>\n\t\t\t\t<div class=\"elementor-element elementor-element-7feaec1 elementor-widget elementor-widget-image\" data-id=\"7feaec1\" data-element_type=\"widget\" data-e-type=\"widget\" data-widget_type=\"image.default\">\n\t\t\t\t<div class=\"elementor-widget-container\">\n\t\t\t\t\t\t\t\t\t\t\t\t\t\t\t<img decoding=\"async\" width=\"220\" height=\"151\" src=\"https:\/\/oxfordlearning.com\/wp-content\/uploads\/2024\/09\/FLDlogo.png\" class=\"attachment-large size-large wp-image-1355\" alt=\"\" \/>\t\t\t\t\t\t\t\t\t\t\t\t\t\t\t<\/div>\n\t\t\t\t<\/div>\n\t\t\t\t<div class=\"elementor-element elementor-element-fedec1a elementor-widget elementor-widget-text-editor\" data-id=\"fedec1a\" data-element_type=\"widget\" data-e-type=\"widget\" data-widget_type=\"text-editor.default\">\n\t\t\t\t<div class=\"elementor-widget-container\">\n\t\t\t\t\t\t\t\t\t<p>Toronto, ON &#8211; le 5 novembre 2008: La Fondation pour l\u2019alphab\u00e9tisation ABC Canada et Oxford Learning annoncent aujourd\u2019hui le d\u00e9but de leur partenariat dans la participation \u00e0 la Journ\u00e9e de l\u2019alphab\u00e9tisation familiale en tentant de battre un record mondial, une initiative nationale et bilingue qui encourage les adultes et les enfants \u00e0 lire ensemble pendant 30 minutes les 23 et 24 janvier 2009. Cette initiative fait partie des c\u00e9l\u00e9brations de la Journ\u00e9e de l\u2019alphab\u00e9tisation familiale (JAF) 2009. Elle encourage les Canadiens \u00e0 lire et \u00e0 battre le record Guinness mondial du \u00ab Plus grand nombre d\u2019enfants lisant avec un adulte, dans de multiples lieux. \u00bb Le record du monde actuel, qui est de 78,791 lecteurs \u00e0 la fois, aux \u00c9tats-Unis, date de 2006.<\/p>\t\t\t\t\t\t\t\t<\/div>\n\t\t\t\t<\/div>\n\t\t\t\t<div class=\"elementor-element elementor-element-84b193d elementor-widget elementor-widget-image\" data-id=\"84b193d\" data-element_type=\"widget\" data-e-type=\"widget\" data-widget_type=\"image.default\">\n\t\t\t\t<div class=\"elementor-widget-container\">\n\t\t\t\t\t\t\t\t\t\t\t\t\t\t\t<img decoding=\"async\" width=\"144\" height=\"92\" src=\"https:\/\/oxfordlearning.com\/wp-content\/uploads\/2024\/09\/rtr_logo.jpg\" class=\"attachment-large size-large wp-image-1357\" alt=\"\" \/>\t\t\t\t\t\t\t\t\t\t\t\t\t\t\t<\/div>\n\t\t\t\t<\/div>\n\t\t\t\t<div class=\"elementor-element elementor-element-5d338ab elementor-widget elementor-widget-image\" data-id=\"5d338ab\" data-element_type=\"widget\" data-e-type=\"widget\" data-widget_type=\"image.default\">\n\t\t\t\t<div class=\"elementor-widget-container\">\n\t\t\t\t\t\t\t\t\t\t\t\t\t\t\t<img decoding=\"async\" width=\"300\" height=\"82\" src=\"https:\/\/oxfordlearning.com\/wp-content\/uploads\/2024\/09\/jdrf_logo.jpg\" class=\"attachment-large size-large wp-image-1361\" alt=\"\" \/>\t\t\t\t\t\t\t\t\t\t\t\t\t\t\t<\/div>\n\t\t\t\t<\/div>\n\t\t\t\t<div class=\"elementor-element elementor-element-a1946b6 elementor-widget elementor-widget-image\" data-id=\"a1946b6\" data-element_type=\"widget\" data-e-type=\"widget\" data-widget_type=\"image.default\">\n\t\t\t\t<div class=\"elementor-widget-container\">\n\t\t\t\t\t\t\t\t\t\t\t\t\t\t\t<img loading=\"lazy\" decoding=\"async\" width=\"120\" height=\"122\" src=\"https:\/\/oxfordlearning.com\/wp-content\/uploads\/2024\/09\/ban_logo.jpg\" class=\"attachment-large size-large wp-image-1359\" alt=\"\" \/>\t\t\t\t\t\t\t\t\t\t\t\t\t\t\t<\/div>\n\t\t\t\t<\/div>\n\t\t\t\t\t<\/div>\n\t\t\t\t<\/div>\n\t\t<div class=\"elementor-element elementor-element-773d9f30 e-flex e-con-boxed e-con e-parent\" data-id=\"773d9f30\" data-element_type=\"container\" data-e-type=\"container\" data-settings=\"{&quot;background_background&quot;:&quot;classic&quot;}\">\n\t\t\t\t\t<div class=\"e-con-inner\">\n\t\t\t\t<div class=\"elementor-element elementor-element-741e1b15 elementor-widget elementor-widget-heading\" data-id=\"741e1b15\" data-element_type=\"widget\" data-e-type=\"widget\" data-widget_type=\"heading.default\">\n\t\t\t\t<div class=\"elementor-widget-container\">\n\t\t\t\t\t<h2 class=\"elementor-heading-title elementor-size-default\">Trouvez un centre Oxford Learning\u00ae pr\u00e8s de chez vous!\n<\/h2>\t\t\t\t<\/div>\n\t\t\t\t<\/div>\n\t\t\t\t<div class=\"elementor-element elementor-element-77943213 elementor-align-center elementor-widget elementor-widget-button\" data-id=\"77943213\" data-element_type=\"widget\" data-e-type=\"widget\" data-widget_type=\"button.default\">\n\t\t\t\t<div class=\"elementor-widget-container\">\n\t\t\t\t\t\t\t\t\t<div class=\"elementor-button-wrapper\">\n\t\t\t\t\t<a class=\"elementor-button elementor-button-link elementor-size-sm\" href=\"\/fr\/locations\/\">\n\t\t\t\t\t\t<span class=\"elementor-button-content-wrapper\">\n\t\t\t\t\t\t<span class=\"elementor-button-icon\">\n\t\t\t\t<svg aria-hidden=\"true\" class=\"e-font-icon-svg e-fas-map-marker-alt\" viewBox=\"0 0 384 512\" xmlns=\"http:\/\/www.w3.org\/2000\/svg\"><path d=\"M172.268 501.67C26.97 291.031 0 269.413 0 192 0 85.961 85.961 0 192 0s192 85.961 192 192c0 77.413-26.97 99.031-172.268 309.67-9.535 13.774-29.93 13.773-39.464 0zM192 272c44.183 0 80-35.817 80-80s-35.817-80-80-80-80 35.817-80 80 35.817 80 80 80z\"><\/path><\/svg>\t\t\t<\/span>\n\t\t\t\t\t\t\t\t\t<span class=\"elementor-button-text\">                                    Trouvez un centre                                <\/span>\n\t\t\t\t\t<\/span>\n\t\t\t\t\t<\/a>\n\t\t\t\t<\/div>\n\t\t\t\t\t\t\t\t<\/div>\n\t\t\t\t<\/div>\n\t\t\t\t\t<\/div>\n\t\t\t\t<\/div>\n\t\t<div class=\"elementor-element elementor-element-563c5f6d e-flex e-con-boxed e-con e-parent\" data-id=\"563c5f6d\" data-element_type=\"container\" data-e-type=\"container\" data-settings=\"{&quot;background_background&quot;:&quot;classic&quot;}\">\n\t\t\t\t\t<div class=\"e-con-inner\">\n\t\t<div class=\"elementor-element elementor-element-33341601 e-con-full e-flex e-con e-child\" data-id=\"33341601\" data-element_type=\"container\" data-e-type=\"container\">\n\t\t\t\t<div class=\"elementor-element elementor-element-f4cfc09 elementor-widget elementor-widget-heading\" data-id=\"f4cfc09\" data-element_type=\"widget\" data-e-type=\"widget\" data-widget_type=\"heading.default\">\n\t\t\t\t<div class=\"elementor-widget-container\">\n\t\t\t\t\t<h2 class=\"elementor-heading-title elementor-size-default\">Rejoignez <span class=\"list-line\">la liste d\u2019envoi<\/span> du Centre d'apprentissage Oxford<\/h2>\t\t\t\t<\/div>\n\t\t\t\t<\/div>\n\t\t\t\t<div class=\"elementor-element elementor-element-6dfaa370 elementor-widget elementor-widget-heading\" data-id=\"6dfaa370\" data-element_type=\"widget\" data-e-type=\"widget\" data-widget_type=\"heading.default\">\n\t\t\t\t<div class=\"elementor-widget-container\">\n\t\t\t\t\t<span class=\"elementor-heading-title elementor-size-default\">Recevez chaque semaine des conseils d'apprentissage et des articles sur l'\u00e9ducation directement dans votre bo\u00eete aux lettres \u00e9lectronique. Inscrivez-vous d\u00e8s aujourd'hui !<\/span>\t\t\t\t<\/div>\n\t\t\t\t<\/div>\n\t\t\t\t<\/div>\n\t\t<div class=\"elementor-element elementor-element-280afe17 e-con-full e-flex e-con e-child\" data-id=\"280afe17\" data-element_type=\"container\" data-e-type=\"container\">\n\t\t\t\t<div class=\"elementor-element elementor-element-4e1fe2c2 elementor-button-align-stretch elementor-widget elementor-widget-form\" data-id=\"4e1fe2c2\" data-element_type=\"widget\" data-e-type=\"widget\" data-settings=\"{&quot;button_width&quot;:&quot;33&quot;,&quot;step_next_label&quot;:&quot;suivant&quot;,&quot;step_previous_label&quot;:&quot;pr\\u00e9c\\u00e9dent&quot;,&quot;step_type&quot;:&quot;number_text&quot;,&quot;step_icon_shape&quot;:&quot;circle&quot;}\" data-widget_type=\"form.default\">\n\t\t\t\t<div class=\"elementor-widget-container\">\n\t\t\t\t\t\t\t<form class=\"elementor-form\" method=\"post\" name=\"kh_newsletter\" aria-label=\"kh_newsletter\">\n\t\t\t<input type=\"hidden\" name=\"post_id\" value=\"1354\"\/>\n\t\t\t<input type=\"hidden\" name=\"form_id\" value=\"4e1fe2c2\"\/>\n\t\t\t<input type=\"hidden\" name=\"referer_title\" value=\"Oxford Learning\" \/>\n\n\t\t\t\n\t\t\t<div class=\"elementor-form-fields-wrapper elementor-labels-\">\n\t\t\t\t\t\t\t\t<div class=\"elementor-field-type-email elementor-field-group elementor-column elementor-field-group-kh_dn_email elementor-col-70 elementor-field-required\">\n\t\t\t\t\t\t\t\t\t\t\t\t<label for=\"form-field-kh_dn_email\" class=\"elementor-field-label elementor-screen-only\">\n\t\t\t\t\t\t\t\tEmail\t\t\t\t\t\t\t<\/label>\n\t\t\t\t\t\t\t\t\t\t\t\t\t\t<input size=\"1\" type=\"email\" name=\"form_fields[kh_dn_email]\" id=\"form-field-kh_dn_email\" class=\"elementor-field elementor-size-xl  elementor-field-textual\" placeholder=\"Saisissez votre adresse courriel\" required=\"required\">\n\t\t\t\t\t\t\t\t\t\t\t<\/div>\n\t\t\t\t\t\t\t\t<div class=\"elementor-field-type-text\">\n\t\t\t\t\t<input size=\"1\" type=\"text\" name=\"form_fields[field_ae220f6]\" id=\"form-field-field_ae220f6\" class=\"elementor-field elementor-size-xl \" style=\"display:none !important;\">\t\t\t\t<\/div>\n\t\t\t\t\t\t\t\t<div class=\"elementor-field-type-recaptcha_v3 elementor-field-group elementor-column elementor-field-group-field_763ce0c elementor-col-100 recaptcha_v3-bottomright\">\n\t\t\t\t\t<div class=\"elementor-field\" id=\"form-field-field_763ce0c\"><div class=\"elementor-g-recaptcha\" data-sitekey=\"6Lc8IQ0qAAAAAFO8P1d4PL_M0WF2_LY1_aQOMQ-d\" data-type=\"v3\" data-action=\"Form\" data-badge=\"bottomright\" data-size=\"invisible\"><\/div><\/div>\t\t\t\t<\/div>\n\t\t\t\t\t\t\t\t<div class=\"elementor-field-type-hidden elementor-field-group elementor-column elementor-field-group-kh_dn_address_book elementor-col-100\">\n\t\t\t\t\t\t\t\t\t\t\t\t\t<input size=\"1\" type=\"hidden\" name=\"form_fields[kh_dn_address_book]\" id=\"form-field-kh_dn_address_book\" class=\"elementor-field elementor-size-xl  elementor-field-textual\" value=\"309870\">\n\t\t\t\t\t\t\t\t\t\t\t<\/div>\n\t\t\t\t\t\t\t\t<div class=\"elementor-field-type-hidden elementor-field-group elementor-column elementor-field-group-kh_dn_program elementor-col-100\">\n\t\t\t\t\t\t\t\t\t\t\t\t\t<input size=\"1\" type=\"hidden\" name=\"form_fields[kh_dn_program]\" id=\"form-field-kh_dn_program\" class=\"elementor-field elementor-size-xl  elementor-field-textual\" value=\"155968\">\n\t\t\t\t\t\t\t\t\t\t\t<\/div>\n\t\t\t\t\t\t\t\t<div class=\"elementor-field-group elementor-column elementor-field-type-submit elementor-col-33 e-form__buttons\">\n\t\t\t\t\t<button class=\"elementor-button elementor-size-sm\" type=\"submit\">\n\t\t\t\t\t\t<span class=\"elementor-button-content-wrapper\">\n\t\t\t\t\t\t\t\t\t\t\t\t\t\t\t\t\t\t\t\t\t\t<span class=\"elementor-button-text\">S'abonner<\/span>\n\t\t\t\t\t\t\t\t\t\t\t\t\t<\/span>\n\t\t\t\t\t<\/button>\n\t\t\t\t<\/div>\n\t\t\t<\/div>\n\t\t<\/form>\n\t\t\t\t\t\t<\/div>\n\t\t\t\t<\/div>\n\t\t\t\t<\/div>\n\t\t\t\t\t<\/div>\n\t\t\t\t<\/div>\n\t\t\t\t<\/div>\n\t\t","protected":false},"excerpt":{"rendered":"<p>Oxford Learning: Un engagement communautaire et caritatif \u00c0 Oxford Learning, nous estimons qu\u2019il est important d\u2019aider les enfants \u00e0 surmonter les obstacles entravant leur r\u00e9ussite scolaire et leur vie. \u00c0 Oxford Learning, nous estimons qu\u2019il est important de fournir des ressources \u00e9ducatives de qualit\u00e9 \u00e0 tous les enfants, peu importe leur situation. \u00c0 Oxford Learning, [&hellip;] [&hellip;]<\/p>\n","protected":false},"author":3,"featured_media":0,"parent":0,"menu_order":0,"comment_status":"closed","ping_status":"closed","template":"elementor_header_footer","meta":{"footnotes":""},"class_list":["post-1354","page","type-page","status-publish","hentry"],"yoast_head":"<!-- This site is optimized with the Yoast SEO plugin v27.5 - https:\/\/yoast.com\/product\/yoast-seo-wordpress\/ -->\n<title>Engagement communautaire et caritatif - Oxford Learning<\/title>\n<meta name=\"robots\" content=\"index, follow, max-snippet:-1, max-image-preview:large, max-video-preview:-1\" \/>\n<link rel=\"canonical\" href=\"https:\/\/oxfordlearning.com\/fr\/engagement-communautaire-et-caritatif\/\" \/>\n<meta property=\"og:locale\" content=\"fr_FR\" \/>\n<meta property=\"og:type\" content=\"article\" \/>\n<meta property=\"og:title\" content=\"Engagement communautaire et caritatif - Oxford Learning\" \/>\n<meta property=\"og:description\" content=\"Oxford Learning: Un engagement communautaire et caritatif \u00c0 Oxford Learning, nous estimons qu\u2019il est important d\u2019aider les enfants \u00e0 surmonter les obstacles entravant leur r\u00e9ussite scolaire et leur vie. \u00c0 Oxford Learning, nous estimons qu\u2019il est important de fournir des ressources \u00e9ducatives de qualit\u00e9 \u00e0 tous les enfants, peu importe leur situation. \u00c0 Oxford Learning, [&hellip;] [&hellip;]\" \/>\n<meta property=\"og:url\" content=\"https:\/\/oxfordlearning.com\/fr\/engagement-communautaire-et-caritatif\/\" \/>\n<meta property=\"og:site_name\" content=\"Oxford Learning\" \/>\n<meta property=\"article:publisher\" content=\"https:\/\/www.facebook.com\/OxfordLearning\/\" \/>\n<meta property=\"article:modified_time\" content=\"2024-10-07T15:18:35+00:00\" \/>\n<meta property=\"og:image\" content=\"https:\/\/oxfordlearning.com\/wp-content\/uploads\/2024\/09\/FLDlogo.png\" \/>\n<meta name=\"twitter:card\" content=\"summary_large_image\" \/>\n<meta name=\"twitter:site\" content=\"@oxfordlearning\" \/>\n<meta name=\"twitter:label1\" content=\"Dur\u00e9e de lecture estim\u00e9e\" \/>\n\t<meta name=\"twitter:data1\" content=\"3 minutes\" \/>\n<script type=\"application\/ld+json\" class=\"yoast-schema-graph\">{\"@context\":\"https:\\\/\\\/schema.org\",\"@graph\":[{\"@type\":\"WebPage\",\"@id\":\"https:\\\/\\\/oxfordlearning.com\\\/fr\\\/engagement-communautaire-et-caritatif\\\/\",\"url\":\"https:\\\/\\\/oxfordlearning.com\\\/fr\\\/engagement-communautaire-et-caritatif\\\/\",\"name\":\"Engagement communautaire et caritatif - Oxford Learning\",\"isPartOf\":{\"@id\":\"https:\\\/\\\/oxfordlearning.com\\\/fr\\\/#website\"},\"primaryImageOfPage\":{\"@id\":\"https:\\\/\\\/oxfordlearning.com\\\/fr\\\/engagement-communautaire-et-caritatif\\\/#primaryimage\"},\"image\":{\"@id\":\"https:\\\/\\\/oxfordlearning.com\\\/fr\\\/engagement-communautaire-et-caritatif\\\/#primaryimage\"},\"thumbnailUrl\":\"https:\\\/\\\/oxfordlearning.com\\\/wp-content\\\/uploads\\\/2024\\\/09\\\/FLDlogo.png\",\"datePublished\":\"2024-09-16T14:06:22+00:00\",\"dateModified\":\"2024-10-07T15:18:35+00:00\",\"breadcrumb\":{\"@id\":\"https:\\\/\\\/oxfordlearning.com\\\/fr\\\/engagement-communautaire-et-caritatif\\\/#breadcrumb\"},\"inLanguage\":\"fr-FR\",\"potentialAction\":[{\"@type\":\"ReadAction\",\"target\":[\"https:\\\/\\\/oxfordlearning.com\\\/fr\\\/engagement-communautaire-et-caritatif\\\/\"]}]},{\"@type\":\"ImageObject\",\"inLanguage\":\"fr-FR\",\"@id\":\"https:\\\/\\\/oxfordlearning.com\\\/fr\\\/engagement-communautaire-et-caritatif\\\/#primaryimage\",\"url\":\"https:\\\/\\\/oxfordlearning.com\\\/wp-content\\\/uploads\\\/2024\\\/09\\\/FLDlogo.png\",\"contentUrl\":\"https:\\\/\\\/oxfordlearning.com\\\/wp-content\\\/uploads\\\/2024\\\/09\\\/FLDlogo.png\"},{\"@type\":\"BreadcrumbList\",\"@id\":\"https:\\\/\\\/oxfordlearning.com\\\/fr\\\/engagement-communautaire-et-caritatif\\\/#breadcrumb\",\"itemListElement\":[{\"@type\":\"ListItem\",\"position\":1,\"name\":\"Accueil\",\"item\":\"https:\\\/\\\/oxfordlearning.com\\\/fr\\\/\"},{\"@type\":\"ListItem\",\"position\":2,\"name\":\"Engagement communautaire et caritatif\"}]},{\"@type\":\"WebSite\",\"@id\":\"https:\\\/\\\/oxfordlearning.com\\\/fr\\\/#website\",\"url\":\"https:\\\/\\\/oxfordlearning.com\\\/fr\\\/\",\"name\":\"Oxford Learning\",\"description\":\"Never Stop Learning\",\"publisher\":{\"@id\":\"https:\\\/\\\/oxfordlearning.com\\\/fr\\\/#organization\"},\"potentialAction\":[{\"@type\":\"SearchAction\",\"target\":{\"@type\":\"EntryPoint\",\"urlTemplate\":\"https:\\\/\\\/oxfordlearning.com\\\/fr\\\/?s={search_term_string}\"},\"query-input\":{\"@type\":\"PropertyValueSpecification\",\"valueRequired\":true,\"valueName\":\"search_term_string\"}}],\"inLanguage\":\"fr-FR\"},{\"@type\":\"Organization\",\"@id\":\"https:\\\/\\\/oxfordlearning.com\\\/fr\\\/#organization\",\"name\":\"Le Centre d\u2019apprentissage Oxford\",\"url\":\"https:\\\/\\\/oxfordlearning.com\\\/fr\\\/\",\"logo\":{\"@type\":\"ImageObject\",\"inLanguage\":\"fr-FR\",\"@id\":\"https:\\\/\\\/oxfordlearning.com\\\/fr\\\/#\\\/schema\\\/logo\\\/image\\\/\",\"url\":\"https:\\\/\\\/oxfordlearning.com\\\/wp-content\\\/uploads\\\/2025\\\/09\\\/Oxford_Logo_Preview.png\",\"contentUrl\":\"https:\\\/\\\/oxfordlearning.com\\\/wp-content\\\/uploads\\\/2025\\\/09\\\/Oxford_Logo_Preview.png\",\"width\":700,\"height\":368,\"caption\":\"Le Centre d\u2019apprentissage Oxford\"},\"image\":{\"@id\":\"https:\\\/\\\/oxfordlearning.com\\\/fr\\\/#\\\/schema\\\/logo\\\/image\\\/\"},\"sameAs\":[\"https:\\\/\\\/www.facebook.com\\\/OxfordLearning\\\/\",\"https:\\\/\\\/x.com\\\/oxfordlearning\"]}]}<\/script>\n<!-- \/ Yoast SEO plugin. -->","yoast_head_json":{"title":"Engagement communautaire et caritatif - Oxford Learning","robots":{"index":"index","follow":"follow","max-snippet":"max-snippet:-1","max-image-preview":"max-image-preview:large","max-video-preview":"max-video-preview:-1"},"canonical":"https:\/\/oxfordlearning.com\/fr\/engagement-communautaire-et-caritatif\/","og_locale":"fr_FR","og_type":"article","og_title":"Engagement communautaire et caritatif - Oxford Learning","og_description":"Oxford Learning: Un engagement communautaire et caritatif \u00c0 Oxford Learning, nous estimons qu\u2019il est important d\u2019aider les enfants \u00e0 surmonter les obstacles entravant leur r\u00e9ussite scolaire et leur vie. \u00c0 Oxford Learning, nous estimons qu\u2019il est important de fournir des ressources \u00e9ducatives de qualit\u00e9 \u00e0 tous les enfants, peu importe leur situation. \u00c0 Oxford Learning, [&hellip;] [&hellip;]","og_url":"https:\/\/oxfordlearning.com\/fr\/engagement-communautaire-et-caritatif\/","og_site_name":"Oxford Learning","article_publisher":"https:\/\/www.facebook.com\/OxfordLearning\/","article_modified_time":"2024-10-07T15:18:35+00:00","og_image":[{"url":"https:\/\/oxfordlearning.com\/wp-content\/uploads\/2024\/09\/FLDlogo.png","type":"","width":"","height":""}],"twitter_card":"summary_large_image","twitter_site":"@oxfordlearning","twitter_misc":{"Dur\u00e9e de lecture estim\u00e9e":"3 minutes"},"schema":{"@context":"https:\/\/schema.org","@graph":[{"@type":"WebPage","@id":"https:\/\/oxfordlearning.com\/fr\/engagement-communautaire-et-caritatif\/","url":"https:\/\/oxfordlearning.com\/fr\/engagement-communautaire-et-caritatif\/","name":"Engagement communautaire et caritatif - Oxford Learning","isPartOf":{"@id":"https:\/\/oxfordlearning.com\/fr\/#website"},"primaryImageOfPage":{"@id":"https:\/\/oxfordlearning.com\/fr\/engagement-communautaire-et-caritatif\/#primaryimage"},"image":{"@id":"https:\/\/oxfordlearning.com\/fr\/engagement-communautaire-et-caritatif\/#primaryimage"},"thumbnailUrl":"https:\/\/oxfordlearning.com\/wp-content\/uploads\/2024\/09\/FLDlogo.png","datePublished":"2024-09-16T14:06:22+00:00","dateModified":"2024-10-07T15:18:35+00:00","breadcrumb":{"@id":"https:\/\/oxfordlearning.com\/fr\/engagement-communautaire-et-caritatif\/#breadcrumb"},"inLanguage":"fr-FR","potentialAction":[{"@type":"ReadAction","target":["https:\/\/oxfordlearning.com\/fr\/engagement-communautaire-et-caritatif\/"]}]},{"@type":"ImageObject","inLanguage":"fr-FR","@id":"https:\/\/oxfordlearning.com\/fr\/engagement-communautaire-et-caritatif\/#primaryimage","url":"https:\/\/oxfordlearning.com\/wp-content\/uploads\/2024\/09\/FLDlogo.png","contentUrl":"https:\/\/oxfordlearning.com\/wp-content\/uploads\/2024\/09\/FLDlogo.png"},{"@type":"BreadcrumbList","@id":"https:\/\/oxfordlearning.com\/fr\/engagement-communautaire-et-caritatif\/#breadcrumb","itemListElement":[{"@type":"ListItem","position":1,"name":"Accueil","item":"https:\/\/oxfordlearning.com\/fr\/"},{"@type":"ListItem","position":2,"name":"Engagement communautaire et caritatif"}]},{"@type":"WebSite","@id":"https:\/\/oxfordlearning.com\/fr\/#website","url":"https:\/\/oxfordlearning.com\/fr\/","name":"Oxford Learning","description":"Never Stop Learning","publisher":{"@id":"https:\/\/oxfordlearning.com\/fr\/#organization"},"potentialAction":[{"@type":"SearchAction","target":{"@type":"EntryPoint","urlTemplate":"https:\/\/oxfordlearning.com\/fr\/?s={search_term_string}"},"query-input":{"@type":"PropertyValueSpecification","valueRequired":true,"valueName":"search_term_string"}}],"inLanguage":"fr-FR"},{"@type":"Organization","@id":"https:\/\/oxfordlearning.com\/fr\/#organization","name":"Le Centre d\u2019apprentissage Oxford","url":"https:\/\/oxfordlearning.com\/fr\/","logo":{"@type":"ImageObject","inLanguage":"fr-FR","@id":"https:\/\/oxfordlearning.com\/fr\/#\/schema\/logo\/image\/","url":"https:\/\/oxfordlearning.com\/wp-content\/uploads\/2025\/09\/Oxford_Logo_Preview.png","contentUrl":"https:\/\/oxfordlearning.com\/wp-content\/uploads\/2025\/09\/Oxford_Logo_Preview.png","width":700,"height":368,"caption":"Le Centre d\u2019apprentissage Oxford"},"image":{"@id":"https:\/\/oxfordlearning.com\/fr\/#\/schema\/logo\/image\/"},"sameAs":["https:\/\/www.facebook.com\/OxfordLearning\/","https:\/\/x.com\/oxfordlearning"]}]}},"meta_box":[],"_links":{"self":[{"href":"https:\/\/oxfordlearning.com\/fr\/wp-json\/wp\/v2\/pages\/1354","targetHints":{"allow":["GET"]}}],"collection":[{"href":"https:\/\/oxfordlearning.com\/fr\/wp-json\/wp\/v2\/pages"}],"about":[{"href":"https:\/\/oxfordlearning.com\/fr\/wp-json\/wp\/v2\/types\/page"}],"author":[{"embeddable":true,"href":"https:\/\/oxfordlearning.com\/fr\/wp-json\/wp\/v2\/users\/3"}],"replies":[{"embeddable":true,"href":"https:\/\/oxfordlearning.com\/fr\/wp-json\/wp\/v2\/comments?post=1354"}],"version-history":[{"count":0,"href":"https:\/\/oxfordlearning.com\/fr\/wp-json\/wp\/v2\/pages\/1354\/revisions"}],"wp:attachment":[{"href":"https:\/\/oxfordlearning.com\/fr\/wp-json\/wp\/v2\/media?parent=1354"}],"curies":[{"name":"wp","href":"https:\/\/api.w.org\/{rel}","templated":true}]}}