{"id":1383,"date":"2024-09-06T15:42:17","date_gmt":"2024-09-06T15:42:17","guid":{"rendered":"https:\/\/oxfordlearning.com\/?page_id=1383"},"modified":"2025-04-11T04:41:17","modified_gmt":"2025-04-11T04:41:17","slug":"evaluation-dynamique","status":"publish","type":"page","link":"https:\/\/oxfordlearning.com\/fr\/evaluation-dynamique\/","title":{"rendered":"\u00c9valuation Dynamique"},"content":{"rendered":"\t\t<div data-elementor-type=\"wp-page\" data-elementor-id=\"1383\" class=\"elementor elementor-1383 elementor-455\" data-elementor-post-type=\"page\">\n\t\t\t\t<div class=\"elementor-element elementor-element-6336cc9b other-hero e-con-full e-flex e-con e-parent\" data-id=\"6336cc9b\" data-element_type=\"container\" data-e-type=\"container\" data-settings=\"{&quot;background_background&quot;:&quot;classic&quot;}\">\n\t\t<div class=\"elementor-element elementor-element-48a94024 e-con-full e-flex e-con e-child\" data-id=\"48a94024\" data-element_type=\"container\" data-e-type=\"container\">\n\t\t\t\t<div class=\"elementor-element elementor-element-231f7d38 elementor-widget elementor-widget-heading\" data-id=\"231f7d38\" data-element_type=\"widget\" data-e-type=\"widget\" data-widget_type=\"heading.default\">\n\t\t\t\t<div class=\"elementor-widget-container\">\n\t\t\t\t\t<h1 class=\"elementor-heading-title elementor-size-default\">\u00c9valuation Dynamique<\/h1>\t\t\t\t<\/div>\n\t\t\t\t<\/div>\n\t\t\t\t<div class=\"elementor-element elementor-element-2c741a4 elementor-tablet-align-center elementor-widget elementor-widget-breadcrumbs\" data-id=\"2c741a4\" data-element_type=\"widget\" data-e-type=\"widget\" data-widget_type=\"breadcrumbs.default\">\n\t\t\t\t<div class=\"elementor-widget-container\">\n\t\t\t\t\t<p id=\"breadcrumbs\"><span><span><a href=\"https:\/\/oxfordlearning.com\/fr\/\">Accueil<\/a><\/span><\/span><\/p>\t\t\t\t<\/div>\n\t\t\t\t<\/div>\n\t\t\t\t<\/div>\n\t\t\t\t<\/div>\n\t\t<div class=\"elementor-element elementor-element-39c135d e-flex e-con-boxed e-con e-parent\" data-id=\"39c135d\" data-element_type=\"container\" data-e-type=\"container\">\n\t\t\t\t\t<div class=\"e-con-inner\">\n\t\t\t\t<div class=\"elementor-element elementor-element-06f1dc0 elementor-widget elementor-widget-text-editor\" data-id=\"06f1dc0\" data-element_type=\"widget\" data-e-type=\"widget\" data-widget_type=\"text-editor.default\">\n\t\t\t\t<div class=\"elementor-widget-container\">\n\t\t\t\t\t\t\t\t\t<h2>Un plan d\u2019action pour avoir du succ\u00e8s \u00e0 l\u2019\u00e9cole autant que dans la vie<\/h2><h5 class=\"aluminum-color\">Nous nous servons de notre \u00c9valuation Dynamique pour \u00e9valuer la fa\u00e7on d\u2019apprendre de votre enfant. Mais, qu\u2019est-ce qu\u2019une \u00c9valuation Dynamique exactement? Pour faire une histoire courte, disons seulement que c\u2019est la meilleure fa\u00e7on d\u2019en apprendre davantage sur les habilet\u00e9s d\u2019apprentissage de votre enfant.<\/h5>\t\t\t\t\t\t\t\t<\/div>\n\t\t\t\t<\/div>\n\t\t\t\t<div class=\"elementor-element elementor-element-6629851 elementor-widget-divider--view-line elementor-widget elementor-widget-global elementor-global-195 elementor-widget-divider\" data-id=\"6629851\" data-element_type=\"widget\" data-e-type=\"widget\" data-widget_type=\"divider.default\">\n\t\t\t\t<div class=\"elementor-widget-container\">\n\t\t\t\t\t\t\t<div class=\"elementor-divider\">\n\t\t\t<span class=\"elementor-divider-separator\">\n\t\t\t\t\t\t<\/span>\n\t\t<\/div>\n\t\t\t\t\t\t<\/div>\n\t\t\t\t<\/div>\n\t\t\t\t<div class=\"elementor-element elementor-element-4143604 checkmark-list-dark no-left-margin-list elementor-widget elementor-widget-text-editor\" data-id=\"4143604\" data-element_type=\"widget\" data-e-type=\"widget\" data-widget_type=\"text-editor.default\">\n\t\t\t\t<div class=\"elementor-widget-container\">\n\t\t\t\t\t\t\t\t\t<h4>Nous qualifions ce test de dynamique parce que :<\/h4><ul class=\"list\"><li>C\u2019est le meilleur outil disponible pour vous fournir des informations sur le potentiel de votre enfant.<\/li><li>Il a fallu d\u2019innombrables heures de recherche pour concevoir notre test- et personne d\u2019autre n\u2019en utilise un comme le n\u00f4tre!<\/li><li>Rien ne permet mieux de dresser un portrait du niveau actuel de votre enfant que l\u2019\u00c9valuation Dynamique.<\/li><li>L\u2019\u00c9valuation Dynamique est centr\u00e9e sur l\u2019avenir et le potentiel, parce que nous laissons le pass\u00e9 derri\u00e8re-Et nous regardons droit devant! )<\/li><\/ul><p>Dynamique est \u00e9galement synonyme d\u2019interactif et d\u2019amusant. Dans le cadre de notre test, nous nous assurons que votre enfant ne subisse aucun stress, aucune anxi\u00e9t\u00e9. Il se sentira ainsi en s\u00e9curit\u00e9 et pourra r\u00e9ellement s\u2019ouvrir pour nous montrer de quoi il est capable. Nous rions m\u00eame souvent avec les jeunes pendant que nous l\u2019administrons! Rire? Pendant un test? Certainement!<\/p><p><strong>Nous utilisons les r\u00e9sultats obtenus pour \u00e9laborer un programme sp\u00e9cifiquement con\u00e7u pour r\u00e9pondre \u00e0 chacun de ses besoins, afin qu\u2019il ne vous reste plus qu\u2019\u00e0 regarder votre enfant filer vers le succ\u00e8s !<\/strong><\/p>\t\t\t\t\t\t\t\t<\/div>\n\t\t\t\t<\/div>\n\t\t\t\t\t<\/div>\n\t\t\t\t<\/div>\n\t\t<div class=\"elementor-element elementor-element-541262a3 e-flex e-con-boxed e-con e-parent\" data-id=\"541262a3\" data-element_type=\"container\" data-e-type=\"container\" data-settings=\"{&quot;background_background&quot;:&quot;classic&quot;}\">\n\t\t\t\t\t<div class=\"e-con-inner\">\n\t\t\t\t<div class=\"elementor-element elementor-element-78b554bc elementor-widget elementor-widget-heading\" data-id=\"78b554bc\" data-element_type=\"widget\" data-e-type=\"widget\" data-widget_type=\"heading.default\">\n\t\t\t\t<div class=\"elementor-widget-container\">\n\t\t\t\t\t<h2 class=\"elementor-heading-title elementor-size-default\">Trouvez un centre Oxford Learning\u00ae pr\u00e8s de chez vous!\n<\/h2>\t\t\t\t<\/div>\n\t\t\t\t<\/div>\n\t\t\t\t<div class=\"elementor-element elementor-element-a03e3e9 elementor-align-center elementor-widget elementor-widget-button\" data-id=\"a03e3e9\" data-element_type=\"widget\" data-e-type=\"widget\" data-widget_type=\"button.default\">\n\t\t\t\t<div class=\"elementor-widget-container\">\n\t\t\t\t\t\t\t\t\t<div class=\"elementor-button-wrapper\">\n\t\t\t\t\t<a class=\"elementor-button elementor-button-link elementor-size-sm\" href=\"\/fr\/locations\/\">\n\t\t\t\t\t\t<span class=\"elementor-button-content-wrapper\">\n\t\t\t\t\t\t<span class=\"elementor-button-icon\">\n\t\t\t\t<svg aria-hidden=\"true\" class=\"e-font-icon-svg e-fas-map-marker-alt\" viewBox=\"0 0 384 512\" xmlns=\"http:\/\/www.w3.org\/2000\/svg\"><path d=\"M172.268 501.67C26.97 291.031 0 269.413 0 192 0 85.961 85.961 0 192 0s192 85.961 192 192c0 77.413-26.97 99.031-172.268 309.67-9.535 13.774-29.93 13.773-39.464 0zM192 272c44.183 0 80-35.817 80-80s-35.817-80-80-80-80 35.817-80 80 35.817 80 80 80z\"><\/path><\/svg>\t\t\t<\/span>\n\t\t\t\t\t\t\t\t\t<span class=\"elementor-button-text\">                                    Trouvez un centre                                <\/span>\n\t\t\t\t\t<\/span>\n\t\t\t\t\t<\/a>\n\t\t\t\t<\/div>\n\t\t\t\t\t\t\t\t<\/div>\n\t\t\t\t<\/div>\n\t\t\t\t\t<\/div>\n\t\t\t\t<\/div>\n\t\t<div class=\"elementor-element elementor-element-5a78be2a e-flex e-con-boxed e-con e-parent\" data-id=\"5a78be2a\" data-element_type=\"container\" data-e-type=\"container\" data-settings=\"{&quot;background_background&quot;:&quot;classic&quot;}\">\n\t\t\t\t\t<div class=\"e-con-inner\">\n\t\t<div class=\"elementor-element elementor-element-1affab8c e-con-full e-flex e-con e-child\" data-id=\"1affab8c\" data-element_type=\"container\" data-e-type=\"container\">\n\t\t\t\t<div class=\"elementor-element elementor-element-60865c0e elementor-widget elementor-widget-heading\" data-id=\"60865c0e\" data-element_type=\"widget\" data-e-type=\"widget\" data-widget_type=\"heading.default\">\n\t\t\t\t<div class=\"elementor-widget-container\">\n\t\t\t\t\t<h2 class=\"elementor-heading-title elementor-size-default\">Rejoignez <span class=\"list-line\">la liste d\u2019envoi<\/span> du Centre d'apprentissage Oxford<\/h2>\t\t\t\t<\/div>\n\t\t\t\t<\/div>\n\t\t\t\t<div class=\"elementor-element elementor-element-18c0b1a7 elementor-widget elementor-widget-heading\" data-id=\"18c0b1a7\" data-element_type=\"widget\" data-e-type=\"widget\" data-widget_type=\"heading.default\">\n\t\t\t\t<div class=\"elementor-widget-container\">\n\t\t\t\t\t<span class=\"elementor-heading-title elementor-size-default\">Recevez chaque semaine des conseils d'apprentissage et des articles sur l'\u00e9ducation directement dans votre bo\u00eete aux lettres \u00e9lectronique. Inscrivez-vous d\u00e8s aujourd'hui !<\/span>\t\t\t\t<\/div>\n\t\t\t\t<\/div>\n\t\t\t\t<\/div>\n\t\t<div class=\"elementor-element elementor-element-7b43578f e-con-full e-flex e-con e-child\" data-id=\"7b43578f\" data-element_type=\"container\" data-e-type=\"container\">\n\t\t\t\t<div class=\"elementor-element elementor-element-521e5a37 elementor-button-align-stretch elementor-widget elementor-widget-form\" data-id=\"521e5a37\" data-element_type=\"widget\" data-e-type=\"widget\" data-settings=\"{&quot;button_width&quot;:&quot;33&quot;,&quot;step_next_label&quot;:&quot;suivant&quot;,&quot;step_previous_label&quot;:&quot;pr\\u00e9c\\u00e9dent&quot;,&quot;step_type&quot;:&quot;number_text&quot;,&quot;step_icon_shape&quot;:&quot;circle&quot;}\" data-widget_type=\"form.default\">\n\t\t\t\t<div class=\"elementor-widget-container\">\n\t\t\t\t\t\t\t<form class=\"elementor-form\" method=\"post\" name=\"kh_newsletter\" aria-label=\"kh_newsletter\">\n\t\t\t<input type=\"hidden\" name=\"post_id\" value=\"1383\"\/>\n\t\t\t<input type=\"hidden\" name=\"form_id\" value=\"521e5a37\"\/>\n\t\t\t<input type=\"hidden\" name=\"referer_title\" value=\"\u00c9valuation Dynamique - Oxford Learning\" \/>\n\n\t\t\t\t\t\t\t<input type=\"hidden\" name=\"queried_id\" value=\"1383\"\/>\n\t\t\t\n\t\t\t<div class=\"elementor-form-fields-wrapper elementor-labels-\">\n\t\t\t\t\t\t\t\t<div class=\"elementor-field-type-email elementor-field-group elementor-column elementor-field-group-kh_dn_email elementor-col-70 elementor-field-required\">\n\t\t\t\t\t\t\t\t\t\t\t\t<label for=\"form-field-kh_dn_email\" class=\"elementor-field-label elementor-screen-only\">\n\t\t\t\t\t\t\t\tEmail\t\t\t\t\t\t\t<\/label>\n\t\t\t\t\t\t\t\t\t\t\t\t\t\t<input size=\"1\" type=\"email\" name=\"form_fields[kh_dn_email]\" id=\"form-field-kh_dn_email\" class=\"elementor-field elementor-size-xl  elementor-field-textual\" placeholder=\"Saisissez votre adresse courriel\" required=\"required\">\n\t\t\t\t\t\t\t\t\t\t\t<\/div>\n\t\t\t\t\t\t\t\t<div class=\"elementor-field-type-text\">\n\t\t\t\t\t<input size=\"1\" type=\"text\" name=\"form_fields[field_ae220f6]\" id=\"form-field-field_ae220f6\" class=\"elementor-field elementor-size-xl \" style=\"display:none !important;\">\t\t\t\t<\/div>\n\t\t\t\t\t\t\t\t<div class=\"elementor-field-type-recaptcha_v3 elementor-field-group elementor-column elementor-field-group-field_763ce0c elementor-col-100 recaptcha_v3-bottomright\">\n\t\t\t\t\t<div class=\"elementor-field\" id=\"form-field-field_763ce0c\"><div class=\"elementor-g-recaptcha\" data-sitekey=\"6Lc8IQ0qAAAAAFO8P1d4PL_M0WF2_LY1_aQOMQ-d\" data-type=\"v3\" data-action=\"Form\" data-badge=\"bottomright\" data-size=\"invisible\"><\/div><\/div>\t\t\t\t<\/div>\n\t\t\t\t\t\t\t\t<div class=\"elementor-field-type-hidden elementor-field-group elementor-column elementor-field-group-kh_dn_address_book elementor-col-100\">\n\t\t\t\t\t\t\t\t\t\t\t\t\t<input size=\"1\" type=\"hidden\" name=\"form_fields[kh_dn_address_book]\" id=\"form-field-kh_dn_address_book\" class=\"elementor-field elementor-size-xl  elementor-field-textual\" value=\"309870\">\n\t\t\t\t\t\t\t\t\t\t\t<\/div>\n\t\t\t\t\t\t\t\t<div class=\"elementor-field-type-hidden elementor-field-group elementor-column elementor-field-group-kh_dn_program elementor-col-100\">\n\t\t\t\t\t\t\t\t\t\t\t\t\t<input size=\"1\" type=\"hidden\" name=\"form_fields[kh_dn_program]\" id=\"form-field-kh_dn_program\" class=\"elementor-field elementor-size-xl  elementor-field-textual\" value=\"155968\">\n\t\t\t\t\t\t\t\t\t\t\t<\/div>\n\t\t\t\t\t\t\t\t<div class=\"elementor-field-group elementor-column elementor-field-type-submit elementor-col-33 e-form__buttons\">\n\t\t\t\t\t<button class=\"elementor-button elementor-size-sm\" type=\"submit\">\n\t\t\t\t\t\t<span class=\"elementor-button-content-wrapper\">\n\t\t\t\t\t\t\t\t\t\t\t\t\t\t\t\t\t\t\t\t\t\t<span class=\"elementor-button-text\">S'abonner<\/span>\n\t\t\t\t\t\t\t\t\t\t\t\t\t<\/span>\n\t\t\t\t\t<\/button>\n\t\t\t\t<\/div>\n\t\t\t<\/div>\n\t\t<\/form>\n\t\t\t\t\t\t<\/div>\n\t\t\t\t<\/div>\n\t\t\t\t<\/div>\n\t\t\t\t\t<\/div>\n\t\t\t\t<\/div>\n\t\t\t\t<\/div>\n\t\t","protected":false},"excerpt":{"rendered":"<p>Un plan d\u2019action pour avoir du succ\u00e8s \u00e0 l\u2019\u00e9cole autant que dans la vie Nous nous servons de notre \u00c9valuation Dynamique pour \u00e9valuer la fa\u00e7on d\u2019apprendre de votre enfant. Mais, qu\u2019est-ce qu\u2019une \u00c9valuation Dynamique exactement? Pour faire une histoire courte, disons seulement que c\u2019est la meilleure fa\u00e7on d\u2019en apprendre davantage sur les habilet\u00e9s d\u2019apprentissage de [&hellip;] [&hellip;]<\/p>\n","protected":false},"author":3,"featured_media":1202,"parent":0,"menu_order":0,"comment_status":"closed","ping_status":"closed","template":"elementor_header_footer","meta":{"footnotes":""},"class_list":["post-1383","page","type-page","status-publish","has-post-thumbnail","hentry"],"yoast_head":"<!-- This site is optimized with the Yoast SEO plugin v27.4 - https:\/\/yoast.com\/product\/yoast-seo-wordpress\/ -->\n<title>\u00c9valuation Dynamique - Oxford Learning<\/title>\n<meta name=\"robots\" content=\"index, follow, max-snippet:-1, max-image-preview:large, max-video-preview:-1\" \/>\n<link rel=\"canonical\" href=\"https:\/\/oxfordlearning.com\/fr\/evaluation-dynamique\/\" \/>\n<meta property=\"og:locale\" content=\"fr_FR\" \/>\n<meta property=\"og:type\" content=\"article\" \/>\n<meta property=\"og:title\" content=\"\u00c9valuation Dynamique - Oxford Learning\" \/>\n<meta property=\"og:description\" content=\"Un plan d\u2019action pour avoir du succ\u00e8s \u00e0 l\u2019\u00e9cole autant que dans la vie Nous nous servons de notre \u00c9valuation Dynamique pour \u00e9valuer la fa\u00e7on d\u2019apprendre de votre enfant. Mais, qu\u2019est-ce qu\u2019une \u00c9valuation Dynamique exactement? Pour faire une histoire courte, disons seulement que c\u2019est la meilleure fa\u00e7on d\u2019en apprendre davantage sur les habilet\u00e9s d\u2019apprentissage de [&hellip;] [&hellip;]\" \/>\n<meta property=\"og:url\" content=\"https:\/\/oxfordlearning.com\/fr\/evaluation-dynamique\/\" \/>\n<meta property=\"og:site_name\" content=\"Oxford Learning\" \/>\n<meta property=\"article:publisher\" content=\"https:\/\/www.facebook.com\/OxfordLearning\/\" \/>\n<meta property=\"article:modified_time\" content=\"2025-04-11T04:41:17+00:00\" \/>\n<meta property=\"og:image\" content=\"https:\/\/oxfordlearning.com\/wp-content\/uploads\/2024\/09\/dynamic-banner.jpg\" \/>\n\t<meta property=\"og:image:width\" content=\"1920\" \/>\n\t<meta property=\"og:image:height\" content=\"900\" \/>\n\t<meta property=\"og:image:type\" content=\"image\/jpeg\" \/>\n<meta name=\"twitter:card\" content=\"summary_large_image\" \/>\n<meta name=\"twitter:site\" content=\"@oxfordlearning\" \/>\n<meta name=\"twitter:label1\" content=\"Dur\u00e9e de lecture estim\u00e9e\" \/>\n\t<meta name=\"twitter:data1\" content=\"2 minutes\" \/>\n<script type=\"application\/ld+json\" class=\"yoast-schema-graph\">{\"@context\":\"https:\\\/\\\/schema.org\",\"@graph\":[{\"@type\":\"WebPage\",\"@id\":\"https:\\\/\\\/oxfordlearning.com\\\/fr\\\/evaluation-dynamique\\\/\",\"url\":\"https:\\\/\\\/oxfordlearning.com\\\/fr\\\/evaluation-dynamique\\\/\",\"name\":\"\u00c9valuation Dynamique - Oxford Learning\",\"isPartOf\":{\"@id\":\"https:\\\/\\\/oxfordlearning.com\\\/fr\\\/#website\"},\"primaryImageOfPage\":{\"@id\":\"https:\\\/\\\/oxfordlearning.com\\\/fr\\\/evaluation-dynamique\\\/#primaryimage\"},\"image\":{\"@id\":\"https:\\\/\\\/oxfordlearning.com\\\/fr\\\/evaluation-dynamique\\\/#primaryimage\"},\"thumbnailUrl\":\"https:\\\/\\\/oxfordlearning.com\\\/wp-content\\\/uploads\\\/2024\\\/09\\\/dynamic-banner.jpg\",\"datePublished\":\"2024-09-06T15:42:17+00:00\",\"dateModified\":\"2025-04-11T04:41:17+00:00\",\"breadcrumb\":{\"@id\":\"https:\\\/\\\/oxfordlearning.com\\\/fr\\\/evaluation-dynamique\\\/#breadcrumb\"},\"inLanguage\":\"fr-FR\",\"potentialAction\":[{\"@type\":\"ReadAction\",\"target\":[\"https:\\\/\\\/oxfordlearning.com\\\/fr\\\/evaluation-dynamique\\\/\"]}]},{\"@type\":\"ImageObject\",\"inLanguage\":\"fr-FR\",\"@id\":\"https:\\\/\\\/oxfordlearning.com\\\/fr\\\/evaluation-dynamique\\\/#primaryimage\",\"url\":\"https:\\\/\\\/oxfordlearning.com\\\/wp-content\\\/uploads\\\/2024\\\/09\\\/dynamic-banner.jpg\",\"contentUrl\":\"https:\\\/\\\/oxfordlearning.com\\\/wp-content\\\/uploads\\\/2024\\\/09\\\/dynamic-banner.jpg\",\"width\":1920,\"height\":900},{\"@type\":\"BreadcrumbList\",\"@id\":\"https:\\\/\\\/oxfordlearning.com\\\/fr\\\/evaluation-dynamique\\\/#breadcrumb\",\"itemListElement\":[{\"@type\":\"ListItem\",\"position\":1,\"name\":\"Accueil\",\"item\":\"https:\\\/\\\/oxfordlearning.com\\\/fr\\\/\"},{\"@type\":\"ListItem\",\"position\":2,\"name\":\"\u00c9valuation Dynamique\"}]},{\"@type\":\"WebSite\",\"@id\":\"https:\\\/\\\/oxfordlearning.com\\\/fr\\\/#website\",\"url\":\"https:\\\/\\\/oxfordlearning.com\\\/fr\\\/\",\"name\":\"Oxford Learning\",\"description\":\"Never Stop Learning\",\"publisher\":{\"@id\":\"https:\\\/\\\/oxfordlearning.com\\\/fr\\\/#organization\"},\"potentialAction\":[{\"@type\":\"SearchAction\",\"target\":{\"@type\":\"EntryPoint\",\"urlTemplate\":\"https:\\\/\\\/oxfordlearning.com\\\/fr\\\/?s={search_term_string}\"},\"query-input\":{\"@type\":\"PropertyValueSpecification\",\"valueRequired\":true,\"valueName\":\"search_term_string\"}}],\"inLanguage\":\"fr-FR\"},{\"@type\":\"Organization\",\"@id\":\"https:\\\/\\\/oxfordlearning.com\\\/fr\\\/#organization\",\"name\":\"Le Centre d\u2019apprentissage Oxford\",\"url\":\"https:\\\/\\\/oxfordlearning.com\\\/fr\\\/\",\"logo\":{\"@type\":\"ImageObject\",\"inLanguage\":\"fr-FR\",\"@id\":\"https:\\\/\\\/oxfordlearning.com\\\/fr\\\/#\\\/schema\\\/logo\\\/image\\\/\",\"url\":\"https:\\\/\\\/oxfordlearning.com\\\/wp-content\\\/uploads\\\/2025\\\/09\\\/Oxford_Logo_Preview.png\",\"contentUrl\":\"https:\\\/\\\/oxfordlearning.com\\\/wp-content\\\/uploads\\\/2025\\\/09\\\/Oxford_Logo_Preview.png\",\"width\":700,\"height\":368,\"caption\":\"Le Centre d\u2019apprentissage Oxford\"},\"image\":{\"@id\":\"https:\\\/\\\/oxfordlearning.com\\\/fr\\\/#\\\/schema\\\/logo\\\/image\\\/\"},\"sameAs\":[\"https:\\\/\\\/www.facebook.com\\\/OxfordLearning\\\/\",\"https:\\\/\\\/x.com\\\/oxfordlearning\"]}]}<\/script>\n<!-- \/ Yoast SEO plugin. -->","yoast_head_json":{"title":"\u00c9valuation Dynamique - Oxford Learning","robots":{"index":"index","follow":"follow","max-snippet":"max-snippet:-1","max-image-preview":"max-image-preview:large","max-video-preview":"max-video-preview:-1"},"canonical":"https:\/\/oxfordlearning.com\/fr\/evaluation-dynamique\/","og_locale":"fr_FR","og_type":"article","og_title":"\u00c9valuation Dynamique - Oxford Learning","og_description":"Un plan d\u2019action pour avoir du succ\u00e8s \u00e0 l\u2019\u00e9cole autant que dans la vie Nous nous servons de notre \u00c9valuation Dynamique pour \u00e9valuer la fa\u00e7on d\u2019apprendre de votre enfant. Mais, qu\u2019est-ce qu\u2019une \u00c9valuation Dynamique exactement? Pour faire une histoire courte, disons seulement que c\u2019est la meilleure fa\u00e7on d\u2019en apprendre davantage sur les habilet\u00e9s d\u2019apprentissage de [&hellip;] [&hellip;]","og_url":"https:\/\/oxfordlearning.com\/fr\/evaluation-dynamique\/","og_site_name":"Oxford Learning","article_publisher":"https:\/\/www.facebook.com\/OxfordLearning\/","article_modified_time":"2025-04-11T04:41:17+00:00","og_image":[{"width":1920,"height":900,"url":"https:\/\/oxfordlearning.com\/wp-content\/uploads\/2024\/09\/dynamic-banner.jpg","type":"image\/jpeg"}],"twitter_card":"summary_large_image","twitter_site":"@oxfordlearning","twitter_misc":{"Dur\u00e9e de lecture estim\u00e9e":"2 minutes"},"schema":{"@context":"https:\/\/schema.org","@graph":[{"@type":"WebPage","@id":"https:\/\/oxfordlearning.com\/fr\/evaluation-dynamique\/","url":"https:\/\/oxfordlearning.com\/fr\/evaluation-dynamique\/","name":"\u00c9valuation Dynamique - Oxford Learning","isPartOf":{"@id":"https:\/\/oxfordlearning.com\/fr\/#website"},"primaryImageOfPage":{"@id":"https:\/\/oxfordlearning.com\/fr\/evaluation-dynamique\/#primaryimage"},"image":{"@id":"https:\/\/oxfordlearning.com\/fr\/evaluation-dynamique\/#primaryimage"},"thumbnailUrl":"https:\/\/oxfordlearning.com\/wp-content\/uploads\/2024\/09\/dynamic-banner.jpg","datePublished":"2024-09-06T15:42:17+00:00","dateModified":"2025-04-11T04:41:17+00:00","breadcrumb":{"@id":"https:\/\/oxfordlearning.com\/fr\/evaluation-dynamique\/#breadcrumb"},"inLanguage":"fr-FR","potentialAction":[{"@type":"ReadAction","target":["https:\/\/oxfordlearning.com\/fr\/evaluation-dynamique\/"]}]},{"@type":"ImageObject","inLanguage":"fr-FR","@id":"https:\/\/oxfordlearning.com\/fr\/evaluation-dynamique\/#primaryimage","url":"https:\/\/oxfordlearning.com\/wp-content\/uploads\/2024\/09\/dynamic-banner.jpg","contentUrl":"https:\/\/oxfordlearning.com\/wp-content\/uploads\/2024\/09\/dynamic-banner.jpg","width":1920,"height":900},{"@type":"BreadcrumbList","@id":"https:\/\/oxfordlearning.com\/fr\/evaluation-dynamique\/#breadcrumb","itemListElement":[{"@type":"ListItem","position":1,"name":"Accueil","item":"https:\/\/oxfordlearning.com\/fr\/"},{"@type":"ListItem","position":2,"name":"\u00c9valuation Dynamique"}]},{"@type":"WebSite","@id":"https:\/\/oxfordlearning.com\/fr\/#website","url":"https:\/\/oxfordlearning.com\/fr\/","name":"Oxford Learning","description":"Never Stop Learning","publisher":{"@id":"https:\/\/oxfordlearning.com\/fr\/#organization"},"potentialAction":[{"@type":"SearchAction","target":{"@type":"EntryPoint","urlTemplate":"https:\/\/oxfordlearning.com\/fr\/?s={search_term_string}"},"query-input":{"@type":"PropertyValueSpecification","valueRequired":true,"valueName":"search_term_string"}}],"inLanguage":"fr-FR"},{"@type":"Organization","@id":"https:\/\/oxfordlearning.com\/fr\/#organization","name":"Le Centre d\u2019apprentissage Oxford","url":"https:\/\/oxfordlearning.com\/fr\/","logo":{"@type":"ImageObject","inLanguage":"fr-FR","@id":"https:\/\/oxfordlearning.com\/fr\/#\/schema\/logo\/image\/","url":"https:\/\/oxfordlearning.com\/wp-content\/uploads\/2025\/09\/Oxford_Logo_Preview.png","contentUrl":"https:\/\/oxfordlearning.com\/wp-content\/uploads\/2025\/09\/Oxford_Logo_Preview.png","width":700,"height":368,"caption":"Le Centre d\u2019apprentissage Oxford"},"image":{"@id":"https:\/\/oxfordlearning.com\/fr\/#\/schema\/logo\/image\/"},"sameAs":["https:\/\/www.facebook.com\/OxfordLearning\/","https:\/\/x.com\/oxfordlearning"]}]}},"meta_box":[],"_links":{"self":[{"href":"https:\/\/oxfordlearning.com\/fr\/wp-json\/wp\/v2\/pages\/1383","targetHints":{"allow":["GET"]}}],"collection":[{"href":"https:\/\/oxfordlearning.com\/fr\/wp-json\/wp\/v2\/pages"}],"about":[{"href":"https:\/\/oxfordlearning.com\/fr\/wp-json\/wp\/v2\/types\/page"}],"author":[{"embeddable":true,"href":"https:\/\/oxfordlearning.com\/fr\/wp-json\/wp\/v2\/users\/3"}],"replies":[{"embeddable":true,"href":"https:\/\/oxfordlearning.com\/fr\/wp-json\/wp\/v2\/comments?post=1383"}],"version-history":[{"count":0,"href":"https:\/\/oxfordlearning.com\/fr\/wp-json\/wp\/v2\/pages\/1383\/revisions"}],"wp:featuredmedia":[{"embeddable":true,"href":"https:\/\/oxfordlearning.com\/fr\/wp-json\/wp\/v2\/media\/1202"}],"wp:attachment":[{"href":"https:\/\/oxfordlearning.com\/fr\/wp-json\/wp\/v2\/media?parent=1383"}],"curies":[{"name":"wp","href":"https:\/\/api.w.org\/{rel}","templated":true}]}}