{"id":1387,"date":"2024-09-16T15:02:43","date_gmt":"2024-09-16T15:02:43","guid":{"rendered":"https:\/\/oxfordlearning.com\/?page_id=1387"},"modified":"2025-03-17T16:24:08","modified_gmt":"2025-03-17T16:24:08","slug":"confidentialite-conditions-dutilisation","status":"publish","type":"page","link":"https:\/\/oxfordlearning.com\/fr\/confidentialite-conditions-dutilisation\/","title":{"rendered":"Confidentialit\u00e9 &amp; conditions d&rsquo;utilisation d&rsquo;Oxford Learning"},"content":{"rendered":"\t\t<div data-elementor-type=\"wp-page\" data-elementor-id=\"1387\" class=\"elementor elementor-1387\" data-elementor-post-type=\"page\">\n\t\t\t\t<div class=\"elementor-element elementor-element-6336cc9b other-hero e-con-full e-flex e-con e-parent\" data-id=\"6336cc9b\" data-element_type=\"container\" data-e-type=\"container\" data-settings=\"{&quot;background_background&quot;:&quot;classic&quot;}\">\n\t\t<div class=\"elementor-element elementor-element-48a94024 e-con-full e-flex e-con e-child\" data-id=\"48a94024\" data-element_type=\"container\" data-e-type=\"container\">\n\t\t\t\t<div class=\"elementor-element elementor-element-231f7d38 elementor-widget elementor-widget-heading\" data-id=\"231f7d38\" data-element_type=\"widget\" data-e-type=\"widget\" data-widget_type=\"heading.default\">\n\t\t\t\t<div class=\"elementor-widget-container\">\n\t\t\t\t\t<h1 class=\"elementor-heading-title elementor-size-default\">Confidentialit\u00e9 &amp; conditions d&rsquo;utilisation d&rsquo;Oxford Learning<\/h1>\t\t\t\t<\/div>\n\t\t\t\t<\/div>\n\t\t\t\t<div class=\"elementor-element elementor-element-2c741a4 elementor-tablet-align-center elementor-widget elementor-widget-breadcrumbs\" data-id=\"2c741a4\" data-element_type=\"widget\" data-e-type=\"widget\" data-widget_type=\"breadcrumbs.default\">\n\t\t\t\t<div class=\"elementor-widget-container\">\n\t\t\t\t\t<p id=\"breadcrumbs\"><span><span><a href=\"https:\/\/oxfordlearning.com\/fr\/\">Accueil<\/a><\/span><\/span><\/p>\t\t\t\t<\/div>\n\t\t\t\t<\/div>\n\t\t\t\t<\/div>\n\t\t\t\t<\/div>\n\t\t<div class=\"elementor-element elementor-element-39c135d e-flex e-con-boxed e-con e-parent\" data-id=\"39c135d\" data-element_type=\"container\" data-e-type=\"container\">\n\t\t\t\t\t<div class=\"e-con-inner\">\n\t\t\t\t<div class=\"elementor-element elementor-element-4143604 checkmark-list-dark no-left-margin-list elementor-widget elementor-widget-text-editor\" data-id=\"4143604\" data-element_type=\"widget\" data-e-type=\"widget\" data-widget_type=\"text-editor.default\">\n\t\t\t\t<div class=\"elementor-widget-container\">\n\t\t\t\t\t\t\t\t\t<h3>Confidentialit\u00e9 et conditions d\u2019utilisation d\u2019Oxford Learning<\/h3><p>VEUILLEZ LIRE ATTENTIVEMENT CES CONDITIONS D\u2019UTILISATION AVANT D\u2019UTILISER LE SITE WEB OXFORDLEARNING.COM, OU TOUT AUTRE SITE WEB D\u2019OXFORD LEARNING. EN UTILISANT ET EN PARTICIPANT AUX ACTIVIT\u00c9S DE CES SITES VOUS D\u00c9CLAREZ EN AVOIR PRIS CONNAISSANCE, LES ACCEPTER ET VOUS Y CONFORMER. SI VOUS REFUSEZ D\u2019\u00caTRE ASSUJETIS PAR CES CONDITIONS, VEUILLEZ QUITTER PROMPTEMENT TOUS LES SITES WEB. OXFORD LEARNING SE R\u00c9SERVE LE DROIT D\u2019ADAPTER OU DE MODIFIER \u00c0 TOUT MOMENT LES PR\u00c9SENTES CONDITIONS D\u2019UTILISATION ET DE FAIRE PARA\u00ceTRE UN AVIS DE MODIFICATIONS SUR CE SITE OU \u00c0 TOUT ENDROIT EN LIGNE JUG\u00c9 PERTINENT. EN CONTINUANT D\u2019ACC\u00c9DER AU SITE APR\u00c8S L\u2019AFFICHAGE DE L\u2019AVIS DE MODIFICATION, VOUS ACCEPTEZ D\u2019Y \u00caTRE ASSUJETIS.<\/p><h3>L\u2019autorisation d\u2019utiliser les \u00e9l\u00e9ments du Site<\/h3><p>Le mat\u00e9riel ne peut \u00eatre t\u00e9l\u00e9charg\u00e9 que pour un usage personnel, non commercial. Vous n\u2019\u00eates pas autoris\u00e9 \u00e0 exploiter, commercialement ou autrement, \u00e0 modifier, \u00e0 copier, \u00e0 reproduire, \u00e0 retransmettre, \u00e0 divulguer ou \u00e0 publier tout mat\u00e9riel venant de ce site.<br \/>La responsabilit\u00e9 de d\u00e9terminer si l\u2019utilisation de toute information, tout logiciel ou autre contenu du site est permis revient \u00e0 l\u2019utilisateur.<\/p><h3>Vie priv\u00e9e<\/h3><p>Nous garantissons de prot\u00e9ger la confidentialit\u00e9 de tout renseignement personnel, tel que d\u00e9fini par la Loi sur la protection des renseignements personnels et les documents \u00e9lectroniques (LPRPDE) qui est produit ou re\u00e7u dans le cadre des activit\u00e9s de la compagnie. Nous ne recueillons que les donn\u00e9es essentielles pour exercer les fonctions des entreprises Oxford Learning.<\/p><p>Oxford Learning a adopt\u00e9 les mesures n\u00e9cessaires pour garantir que l\u2019information personnelle soit conserv\u00e9e de fa\u00e7on s\u00fbre et s\u00e9curitaire et que seuls les employ\u00e9s dont le travail ou les fonctions l\u2019exigent soient autoris\u00e9s \u00e0 acc\u00e9der aux renseignements personnels des r\u00e9pondants. Cette politique s\u2019applique tant aux exemplaires papiers qu\u2019aux exemplaires \u00e9lectroniques.<\/p><p>Nous avons con\u00e7u notre syst\u00e8me \u00e9lectronique pour qu\u2019il soit le plus s\u00e9curitaire possible, pour emp\u00eacher la perte ou le d\u00e9tournement d\u2019informations et son acc\u00e8s est restreint au personnel autoris\u00e9.<\/p><p>La permission de divulguer toute information personnelle sera demand\u00e9e avant que toute information ne soit utilis\u00e9e \u00e0 des fins divergentes de celles pour lesquelles elles avaient \u00e9t\u00e9 recueillies \u00e0 moins que la loi ne l\u2019exige ou ne l\u2019autorise.<\/p><p>Les renseignements personnels ne seront conserv\u00e9s que pour la dur\u00e9e n\u00e9cessaire aux fins et dans les buts identifi\u00e9s et pour satisfaire les obligations l\u00e9gales et r\u00e8glementaires.<\/p><p>Dans l\u2019\u00e9ventualit\u00e9 o\u00f9 une personne demanderait \u00e0 voir en toute l\u00e9gitimit\u00e9 ses renseignements personnels ou \u00e0 r\u00e9viser la politique de Confidentialit\u00e9, la permission lui sera accord\u00e9e dans un d\u00e9lai raisonnable sous r\u00e9serves de toutes restrictions l\u00e9gales. Une somme modique peut toutefois \u00eatre demand\u00e9e.<\/p><p>Si vous avez des questions en rapport avec la politique de Confidentialit\u00e9, veuillez vous adresser \u00e0:\u00a0<a href=\"mailto:privacyofficer@oxfordlearning.com\">privacyofficer@oxfordlearning.com<\/a><\/p>\t\t\t\t\t\t\t\t<\/div>\n\t\t\t\t<\/div>\n\t\t\t\t\t<\/div>\n\t\t\t\t<\/div>\n\t\t<div class=\"elementor-element elementor-element-541262a3 e-flex e-con-boxed e-con e-parent\" data-id=\"541262a3\" data-element_type=\"container\" data-e-type=\"container\" data-settings=\"{&quot;background_background&quot;:&quot;classic&quot;}\">\n\t\t\t\t\t<div class=\"e-con-inner\">\n\t\t\t\t<div class=\"elementor-element elementor-element-78b554bc elementor-widget elementor-widget-heading\" data-id=\"78b554bc\" data-element_type=\"widget\" data-e-type=\"widget\" data-widget_type=\"heading.default\">\n\t\t\t\t<div class=\"elementor-widget-container\">\n\t\t\t\t\t<h2 class=\"elementor-heading-title elementor-size-default\">Trouvez un centre Oxford Learning\u00ae pr\u00e8s de chez vous!\n<\/h2>\t\t\t\t<\/div>\n\t\t\t\t<\/div>\n\t\t\t\t<div class=\"elementor-element elementor-element-a03e3e9 elementor-align-center elementor-widget elementor-widget-button\" data-id=\"a03e3e9\" data-element_type=\"widget\" data-e-type=\"widget\" data-widget_type=\"button.default\">\n\t\t\t\t<div class=\"elementor-widget-container\">\n\t\t\t\t\t\t\t\t\t<div class=\"elementor-button-wrapper\">\n\t\t\t\t\t<a class=\"elementor-button elementor-button-link elementor-size-sm\" href=\"\/fr\/locations\/\">\n\t\t\t\t\t\t<span class=\"elementor-button-content-wrapper\">\n\t\t\t\t\t\t<span class=\"elementor-button-icon\">\n\t\t\t\t<svg aria-hidden=\"true\" class=\"e-font-icon-svg e-fas-map-marker-alt\" viewBox=\"0 0 384 512\" xmlns=\"http:\/\/www.w3.org\/2000\/svg\"><path d=\"M172.268 501.67C26.97 291.031 0 269.413 0 192 0 85.961 85.961 0 192 0s192 85.961 192 192c0 77.413-26.97 99.031-172.268 309.67-9.535 13.774-29.93 13.773-39.464 0zM192 272c44.183 0 80-35.817 80-80s-35.817-80-80-80-80 35.817-80 80 35.817 80 80 80z\"><\/path><\/svg>\t\t\t<\/span>\n\t\t\t\t\t\t\t\t\t<span class=\"elementor-button-text\">                                    Trouvez un centre                                <\/span>\n\t\t\t\t\t<\/span>\n\t\t\t\t\t<\/a>\n\t\t\t\t<\/div>\n\t\t\t\t\t\t\t\t<\/div>\n\t\t\t\t<\/div>\n\t\t\t\t\t<\/div>\n\t\t\t\t<\/div>\n\t\t<div class=\"elementor-element elementor-element-5a78be2a e-flex e-con-boxed e-con e-parent\" data-id=\"5a78be2a\" data-element_type=\"container\" data-e-type=\"container\" data-settings=\"{&quot;background_background&quot;:&quot;classic&quot;}\">\n\t\t\t\t\t<div class=\"e-con-inner\">\n\t\t<div class=\"elementor-element elementor-element-1affab8c e-con-full e-flex e-con e-child\" data-id=\"1affab8c\" data-element_type=\"container\" data-e-type=\"container\">\n\t\t\t\t<div class=\"elementor-element elementor-element-60865c0e elementor-widget elementor-widget-heading\" data-id=\"60865c0e\" data-element_type=\"widget\" data-e-type=\"widget\" data-widget_type=\"heading.default\">\n\t\t\t\t<div class=\"elementor-widget-container\">\n\t\t\t\t\t<h2 class=\"elementor-heading-title elementor-size-default\">Rejoignez <span class=\"list-line\">la liste d\u2019envoi<\/span> du Centre d'apprentissage Oxford<\/h2>\t\t\t\t<\/div>\n\t\t\t\t<\/div>\n\t\t\t\t<div class=\"elementor-element elementor-element-18c0b1a7 elementor-widget elementor-widget-heading\" data-id=\"18c0b1a7\" data-element_type=\"widget\" data-e-type=\"widget\" data-widget_type=\"heading.default\">\n\t\t\t\t<div class=\"elementor-widget-container\">\n\t\t\t\t\t<span class=\"elementor-heading-title elementor-size-default\">Recevez chaque semaine des conseils d'apprentissage et des articles sur l'\u00e9ducation directement dans votre bo\u00eete aux lettres \u00e9lectronique. Inscrivez-vous d\u00e8s aujourd'hui !<\/span>\t\t\t\t<\/div>\n\t\t\t\t<\/div>\n\t\t\t\t<\/div>\n\t\t<div class=\"elementor-element elementor-element-7b43578f e-con-full e-flex e-con e-child\" data-id=\"7b43578f\" data-element_type=\"container\" data-e-type=\"container\">\n\t\t\t\t<div class=\"elementor-element elementor-element-521e5a37 elementor-button-align-stretch elementor-widget elementor-widget-form\" data-id=\"521e5a37\" data-element_type=\"widget\" data-e-type=\"widget\" data-settings=\"{&quot;button_width&quot;:&quot;33&quot;,&quot;step_next_label&quot;:&quot;suivant&quot;,&quot;step_previous_label&quot;:&quot;pr\\u00e9c\\u00e9dent&quot;,&quot;step_type&quot;:&quot;number_text&quot;,&quot;step_icon_shape&quot;:&quot;circle&quot;}\" data-widget_type=\"form.default\">\n\t\t\t\t<div class=\"elementor-widget-container\">\n\t\t\t\t\t\t\t<form class=\"elementor-form\" method=\"post\" name=\"kh_newsletter\" aria-label=\"kh_newsletter\">\n\t\t\t<input type=\"hidden\" name=\"post_id\" value=\"1387\"\/>\n\t\t\t<input type=\"hidden\" name=\"form_id\" value=\"521e5a37\"\/>\n\t\t\t<input type=\"hidden\" name=\"referer_title\" value=\"Confidentialit\u00e9 &amp; conditions d&#039;utilisation d&#039;Oxford Learning - Oxford Learning\" \/>\n\n\t\t\t\t\t\t\t<input type=\"hidden\" name=\"queried_id\" value=\"1387\"\/>\n\t\t\t\n\t\t\t<div class=\"elementor-form-fields-wrapper elementor-labels-\">\n\t\t\t\t\t\t\t\t<div class=\"elementor-field-type-email elementor-field-group elementor-column elementor-field-group-kh_dn_email elementor-col-70 elementor-field-required\">\n\t\t\t\t\t\t\t\t\t\t\t\t<label for=\"form-field-kh_dn_email\" class=\"elementor-field-label elementor-screen-only\">\n\t\t\t\t\t\t\t\tEmail\t\t\t\t\t\t\t<\/label>\n\t\t\t\t\t\t\t\t\t\t\t\t\t\t<input size=\"1\" type=\"email\" name=\"form_fields[kh_dn_email]\" id=\"form-field-kh_dn_email\" class=\"elementor-field elementor-size-xl  elementor-field-textual\" placeholder=\"Saisissez votre adresse courriel\" required=\"required\">\n\t\t\t\t\t\t\t\t\t\t\t<\/div>\n\t\t\t\t\t\t\t\t<div class=\"elementor-field-type-text\">\n\t\t\t\t\t<input size=\"1\" type=\"text\" name=\"form_fields[field_ae220f6]\" id=\"form-field-field_ae220f6\" class=\"elementor-field elementor-size-xl \" style=\"display:none !important;\">\t\t\t\t<\/div>\n\t\t\t\t\t\t\t\t<div class=\"elementor-field-type-recaptcha_v3 elementor-field-group elementor-column elementor-field-group-field_763ce0c elementor-col-100 recaptcha_v3-bottomright\">\n\t\t\t\t\t<div class=\"elementor-field\" id=\"form-field-field_763ce0c\"><div class=\"elementor-g-recaptcha\" data-sitekey=\"6Lc8IQ0qAAAAAFO8P1d4PL_M0WF2_LY1_aQOMQ-d\" data-type=\"v3\" data-action=\"Form\" data-badge=\"bottomright\" data-size=\"invisible\"><\/div><\/div>\t\t\t\t<\/div>\n\t\t\t\t\t\t\t\t<div class=\"elementor-field-type-hidden elementor-field-group elementor-column elementor-field-group-kh_dn_address_book elementor-col-100\">\n\t\t\t\t\t\t\t\t\t\t\t\t\t<input size=\"1\" type=\"hidden\" name=\"form_fields[kh_dn_address_book]\" id=\"form-field-kh_dn_address_book\" class=\"elementor-field elementor-size-xl  elementor-field-textual\" value=\"309870\">\n\t\t\t\t\t\t\t\t\t\t\t<\/div>\n\t\t\t\t\t\t\t\t<div class=\"elementor-field-type-hidden elementor-field-group elementor-column elementor-field-group-kh_dn_program elementor-col-100\">\n\t\t\t\t\t\t\t\t\t\t\t\t\t<input size=\"1\" type=\"hidden\" name=\"form_fields[kh_dn_program]\" id=\"form-field-kh_dn_program\" class=\"elementor-field elementor-size-xl  elementor-field-textual\" value=\"155968\">\n\t\t\t\t\t\t\t\t\t\t\t<\/div>\n\t\t\t\t\t\t\t\t<div class=\"elementor-field-group elementor-column elementor-field-type-submit elementor-col-33 e-form__buttons\">\n\t\t\t\t\t<button class=\"elementor-button elementor-size-sm\" type=\"submit\">\n\t\t\t\t\t\t<span class=\"elementor-button-content-wrapper\">\n\t\t\t\t\t\t\t\t\t\t\t\t\t\t\t\t\t\t\t\t\t\t<span class=\"elementor-button-text\">S'abonner<\/span>\n\t\t\t\t\t\t\t\t\t\t\t\t\t<\/span>\n\t\t\t\t\t<\/button>\n\t\t\t\t<\/div>\n\t\t\t<\/div>\n\t\t<\/form>\n\t\t\t\t\t\t<\/div>\n\t\t\t\t<\/div>\n\t\t\t\t<\/div>\n\t\t\t\t\t<\/div>\n\t\t\t\t<\/div>\n\t\t\t\t<\/div>\n\t\t","protected":false},"excerpt":{"rendered":"<p>Confidentialit\u00e9 et conditions d\u2019utilisation d\u2019Oxford Learning VEUILLEZ LIRE ATTENTIVEMENT CES CONDITIONS D\u2019UTILISATION AVANT D\u2019UTILISER LE SITE WEB OXFORDLEARNING.COM, OU TOUT AUTRE SITE WEB D\u2019OXFORD LEARNING. EN UTILISANT ET EN PARTICIPANT AUX ACTIVIT\u00c9S DE CES SITES VOUS D\u00c9CLAREZ EN AVOIR PRIS CONNAISSANCE, LES ACCEPTER ET VOUS Y CONFORMER. SI VOUS REFUSEZ D\u2019\u00caTRE ASSUJETIS PAR CES CONDITIONS, [&hellip;] [&hellip;]<\/p>\n","protected":false},"author":3,"featured_media":0,"parent":0,"menu_order":0,"comment_status":"closed","ping_status":"closed","template":"elementor_header_footer","meta":{"footnotes":""},"class_list":["post-1387","page","type-page","status-publish","hentry"],"yoast_head":"<!-- This site is optimized with the Yoast SEO plugin v27.4 - https:\/\/yoast.com\/product\/yoast-seo-wordpress\/ -->\n<title>Confidentialit\u00e9 &amp; conditions d&#039;utilisation d&#039;Oxford Learning - Oxford Learning<\/title>\n<meta name=\"robots\" content=\"index, follow, max-snippet:-1, max-image-preview:large, max-video-preview:-1\" \/>\n<link rel=\"canonical\" href=\"https:\/\/oxfordlearning.com\/fr\/confidentialite-conditions-dutilisation\/\" \/>\n<meta property=\"og:locale\" content=\"fr_FR\" \/>\n<meta property=\"og:type\" content=\"article\" \/>\n<meta property=\"og:title\" content=\"Confidentialit\u00e9 &amp; conditions d&#039;utilisation d&#039;Oxford Learning - Oxford Learning\" \/>\n<meta property=\"og:description\" content=\"Confidentialit\u00e9 et conditions d\u2019utilisation d\u2019Oxford Learning VEUILLEZ LIRE ATTENTIVEMENT CES CONDITIONS D\u2019UTILISATION AVANT D\u2019UTILISER LE SITE WEB OXFORDLEARNING.COM, OU TOUT AUTRE SITE WEB D\u2019OXFORD LEARNING. EN UTILISANT ET EN PARTICIPANT AUX ACTIVIT\u00c9S DE CES SITES VOUS D\u00c9CLAREZ EN AVOIR PRIS CONNAISSANCE, LES ACCEPTER ET VOUS Y CONFORMER. SI VOUS REFUSEZ D\u2019\u00caTRE ASSUJETIS PAR CES CONDITIONS, [&hellip;] [&hellip;]\" \/>\n<meta property=\"og:url\" content=\"https:\/\/oxfordlearning.com\/fr\/confidentialite-conditions-dutilisation\/\" \/>\n<meta property=\"og:site_name\" content=\"Oxford Learning\" \/>\n<meta property=\"article:publisher\" content=\"https:\/\/www.facebook.com\/OxfordLearning\/\" \/>\n<meta property=\"article:modified_time\" content=\"2025-03-17T16:24:08+00:00\" \/>\n<meta property=\"og:image\" content=\"https:\/\/oxfordlearning.com\/wp-content\/uploads\/2025\/09\/Oxford_Logo_Preview.png\" \/>\n\t<meta property=\"og:image:width\" content=\"700\" \/>\n\t<meta property=\"og:image:height\" content=\"368\" \/>\n\t<meta property=\"og:image:type\" content=\"image\/png\" \/>\n<meta name=\"twitter:card\" content=\"summary_large_image\" \/>\n<meta name=\"twitter:site\" content=\"@oxfordlearning\" \/>\n<meta name=\"twitter:label1\" content=\"Dur\u00e9e de lecture estim\u00e9e\" \/>\n\t<meta name=\"twitter:data1\" content=\"3 minutes\" \/>\n<script type=\"application\/ld+json\" class=\"yoast-schema-graph\">{\"@context\":\"https:\\\/\\\/schema.org\",\"@graph\":[{\"@type\":\"WebPage\",\"@id\":\"https:\\\/\\\/oxfordlearning.com\\\/fr\\\/confidentialite-conditions-dutilisation\\\/\",\"url\":\"https:\\\/\\\/oxfordlearning.com\\\/fr\\\/confidentialite-conditions-dutilisation\\\/\",\"name\":\"Confidentialit\u00e9 &amp; conditions d'utilisation d'Oxford Learning - Oxford Learning\",\"isPartOf\":{\"@id\":\"https:\\\/\\\/oxfordlearning.com\\\/fr\\\/#website\"},\"datePublished\":\"2024-09-16T15:02:43+00:00\",\"dateModified\":\"2025-03-17T16:24:08+00:00\",\"breadcrumb\":{\"@id\":\"https:\\\/\\\/oxfordlearning.com\\\/fr\\\/confidentialite-conditions-dutilisation\\\/#breadcrumb\"},\"inLanguage\":\"fr-FR\",\"potentialAction\":[{\"@type\":\"ReadAction\",\"target\":[\"https:\\\/\\\/oxfordlearning.com\\\/fr\\\/confidentialite-conditions-dutilisation\\\/\"]}]},{\"@type\":\"BreadcrumbList\",\"@id\":\"https:\\\/\\\/oxfordlearning.com\\\/fr\\\/confidentialite-conditions-dutilisation\\\/#breadcrumb\",\"itemListElement\":[{\"@type\":\"ListItem\",\"position\":1,\"name\":\"Accueil\",\"item\":\"https:\\\/\\\/oxfordlearning.com\\\/fr\\\/\"},{\"@type\":\"ListItem\",\"position\":2,\"name\":\"Confidentialit\u00e9 &amp; conditions d&#8217;utilisation d&#8217;Oxford Learning\"}]},{\"@type\":\"WebSite\",\"@id\":\"https:\\\/\\\/oxfordlearning.com\\\/fr\\\/#website\",\"url\":\"https:\\\/\\\/oxfordlearning.com\\\/fr\\\/\",\"name\":\"Oxford Learning\",\"description\":\"Never Stop Learning\",\"publisher\":{\"@id\":\"https:\\\/\\\/oxfordlearning.com\\\/fr\\\/#organization\"},\"potentialAction\":[{\"@type\":\"SearchAction\",\"target\":{\"@type\":\"EntryPoint\",\"urlTemplate\":\"https:\\\/\\\/oxfordlearning.com\\\/fr\\\/?s={search_term_string}\"},\"query-input\":{\"@type\":\"PropertyValueSpecification\",\"valueRequired\":true,\"valueName\":\"search_term_string\"}}],\"inLanguage\":\"fr-FR\"},{\"@type\":\"Organization\",\"@id\":\"https:\\\/\\\/oxfordlearning.com\\\/fr\\\/#organization\",\"name\":\"Le Centre d\u2019apprentissage Oxford\",\"url\":\"https:\\\/\\\/oxfordlearning.com\\\/fr\\\/\",\"logo\":{\"@type\":\"ImageObject\",\"inLanguage\":\"fr-FR\",\"@id\":\"https:\\\/\\\/oxfordlearning.com\\\/fr\\\/#\\\/schema\\\/logo\\\/image\\\/\",\"url\":\"https:\\\/\\\/oxfordlearning.com\\\/wp-content\\\/uploads\\\/2025\\\/09\\\/Oxford_Logo_Preview.png\",\"contentUrl\":\"https:\\\/\\\/oxfordlearning.com\\\/wp-content\\\/uploads\\\/2025\\\/09\\\/Oxford_Logo_Preview.png\",\"width\":700,\"height\":368,\"caption\":\"Le Centre d\u2019apprentissage Oxford\"},\"image\":{\"@id\":\"https:\\\/\\\/oxfordlearning.com\\\/fr\\\/#\\\/schema\\\/logo\\\/image\\\/\"},\"sameAs\":[\"https:\\\/\\\/www.facebook.com\\\/OxfordLearning\\\/\",\"https:\\\/\\\/x.com\\\/oxfordlearning\"]}]}<\/script>\n<!-- \/ Yoast SEO plugin. -->","yoast_head_json":{"title":"Confidentialit\u00e9 &amp; conditions d'utilisation d'Oxford Learning - Oxford Learning","robots":{"index":"index","follow":"follow","max-snippet":"max-snippet:-1","max-image-preview":"max-image-preview:large","max-video-preview":"max-video-preview:-1"},"canonical":"https:\/\/oxfordlearning.com\/fr\/confidentialite-conditions-dutilisation\/","og_locale":"fr_FR","og_type":"article","og_title":"Confidentialit\u00e9 &amp; conditions d'utilisation d'Oxford Learning - Oxford Learning","og_description":"Confidentialit\u00e9 et conditions d\u2019utilisation d\u2019Oxford Learning VEUILLEZ LIRE ATTENTIVEMENT CES CONDITIONS D\u2019UTILISATION AVANT D\u2019UTILISER LE SITE WEB OXFORDLEARNING.COM, OU TOUT AUTRE SITE WEB D\u2019OXFORD LEARNING. EN UTILISANT ET EN PARTICIPANT AUX ACTIVIT\u00c9S DE CES SITES VOUS D\u00c9CLAREZ EN AVOIR PRIS CONNAISSANCE, LES ACCEPTER ET VOUS Y CONFORMER. SI VOUS REFUSEZ D\u2019\u00caTRE ASSUJETIS PAR CES CONDITIONS, [&hellip;] [&hellip;]","og_url":"https:\/\/oxfordlearning.com\/fr\/confidentialite-conditions-dutilisation\/","og_site_name":"Oxford Learning","article_publisher":"https:\/\/www.facebook.com\/OxfordLearning\/","article_modified_time":"2025-03-17T16:24:08+00:00","og_image":[{"width":700,"height":368,"url":"https:\/\/oxfordlearning.com\/wp-content\/uploads\/2025\/09\/Oxford_Logo_Preview.png","type":"image\/png"}],"twitter_card":"summary_large_image","twitter_site":"@oxfordlearning","twitter_misc":{"Dur\u00e9e de lecture estim\u00e9e":"3 minutes"},"schema":{"@context":"https:\/\/schema.org","@graph":[{"@type":"WebPage","@id":"https:\/\/oxfordlearning.com\/fr\/confidentialite-conditions-dutilisation\/","url":"https:\/\/oxfordlearning.com\/fr\/confidentialite-conditions-dutilisation\/","name":"Confidentialit\u00e9 &amp; conditions d'utilisation d'Oxford Learning - Oxford Learning","isPartOf":{"@id":"https:\/\/oxfordlearning.com\/fr\/#website"},"datePublished":"2024-09-16T15:02:43+00:00","dateModified":"2025-03-17T16:24:08+00:00","breadcrumb":{"@id":"https:\/\/oxfordlearning.com\/fr\/confidentialite-conditions-dutilisation\/#breadcrumb"},"inLanguage":"fr-FR","potentialAction":[{"@type":"ReadAction","target":["https:\/\/oxfordlearning.com\/fr\/confidentialite-conditions-dutilisation\/"]}]},{"@type":"BreadcrumbList","@id":"https:\/\/oxfordlearning.com\/fr\/confidentialite-conditions-dutilisation\/#breadcrumb","itemListElement":[{"@type":"ListItem","position":1,"name":"Accueil","item":"https:\/\/oxfordlearning.com\/fr\/"},{"@type":"ListItem","position":2,"name":"Confidentialit\u00e9 &amp; conditions d&#8217;utilisation d&#8217;Oxford Learning"}]},{"@type":"WebSite","@id":"https:\/\/oxfordlearning.com\/fr\/#website","url":"https:\/\/oxfordlearning.com\/fr\/","name":"Oxford Learning","description":"Never Stop Learning","publisher":{"@id":"https:\/\/oxfordlearning.com\/fr\/#organization"},"potentialAction":[{"@type":"SearchAction","target":{"@type":"EntryPoint","urlTemplate":"https:\/\/oxfordlearning.com\/fr\/?s={search_term_string}"},"query-input":{"@type":"PropertyValueSpecification","valueRequired":true,"valueName":"search_term_string"}}],"inLanguage":"fr-FR"},{"@type":"Organization","@id":"https:\/\/oxfordlearning.com\/fr\/#organization","name":"Le Centre d\u2019apprentissage Oxford","url":"https:\/\/oxfordlearning.com\/fr\/","logo":{"@type":"ImageObject","inLanguage":"fr-FR","@id":"https:\/\/oxfordlearning.com\/fr\/#\/schema\/logo\/image\/","url":"https:\/\/oxfordlearning.com\/wp-content\/uploads\/2025\/09\/Oxford_Logo_Preview.png","contentUrl":"https:\/\/oxfordlearning.com\/wp-content\/uploads\/2025\/09\/Oxford_Logo_Preview.png","width":700,"height":368,"caption":"Le Centre d\u2019apprentissage Oxford"},"image":{"@id":"https:\/\/oxfordlearning.com\/fr\/#\/schema\/logo\/image\/"},"sameAs":["https:\/\/www.facebook.com\/OxfordLearning\/","https:\/\/x.com\/oxfordlearning"]}]}},"meta_box":[],"_links":{"self":[{"href":"https:\/\/oxfordlearning.com\/fr\/wp-json\/wp\/v2\/pages\/1387","targetHints":{"allow":["GET"]}}],"collection":[{"href":"https:\/\/oxfordlearning.com\/fr\/wp-json\/wp\/v2\/pages"}],"about":[{"href":"https:\/\/oxfordlearning.com\/fr\/wp-json\/wp\/v2\/types\/page"}],"author":[{"embeddable":true,"href":"https:\/\/oxfordlearning.com\/fr\/wp-json\/wp\/v2\/users\/3"}],"replies":[{"embeddable":true,"href":"https:\/\/oxfordlearning.com\/fr\/wp-json\/wp\/v2\/comments?post=1387"}],"version-history":[{"count":0,"href":"https:\/\/oxfordlearning.com\/fr\/wp-json\/wp\/v2\/pages\/1387\/revisions"}],"wp:attachment":[{"href":"https:\/\/oxfordlearning.com\/fr\/wp-json\/wp\/v2\/media?parent=1387"}],"curies":[{"name":"wp","href":"https:\/\/api.w.org\/{rel}","templated":true}]}}