{"id":1410,"date":"2024-09-09T14:41:22","date_gmt":"2024-09-09T14:41:22","guid":{"rendered":"https:\/\/oxfordlearning.com\/?page_id=1410"},"modified":"2024-10-07T15:18:43","modified_gmt":"2024-10-07T15:18:43","slug":"coronavirus","status":"publish","type":"page","link":"https:\/\/oxfordlearning.com\/fr\/coronavirus\/","title":{"rendered":"Coronavirus"},"content":{"rendered":"\t\t<div data-elementor-type=\"wp-page\" data-elementor-id=\"1410\" class=\"elementor elementor-1410 elementor-1217\" data-elementor-post-type=\"page\">\n\t\t\t\t<div class=\"elementor-element elementor-element-c37cb18 e-flex e-con-boxed e-con e-parent\" data-id=\"c37cb18\" data-element_type=\"container\" data-e-type=\"container\">\n\t\t\t\t\t<div class=\"e-con-inner\">\n\t\t\t\t<div class=\"elementor-element elementor-element-b6570e1 elementor-widget elementor-widget-text-editor\" data-id=\"b6570e1\" data-element_type=\"widget\" data-e-type=\"widget\" data-widget_type=\"text-editor.default\">\n\t\t\t\t<div class=\"elementor-widget-container\">\n\t\t\t\t\t\t\t\t\t<div class=\"row white-bg\"><div class=\"columns medium-10 large-8 small-centered\"><div class=\"padding-v-xsm\"><p>Nous sommes conscients que les nouvelles concernant le coronavirus inqui\u00e8tent de nombreuses personnes quant \u00e0 la propagation des maladies dans les lieux publics.<\/p><p>PSoyez assur\u00e9s que nous prenons tr\u00e8s au s\u00e9rieux cette menace pour la sant\u00e9. Le bien-\u00eatre et la sant\u00e9 de notre personnel et de nos \u00e9tudiants sont nos priorit\u00e9s. Nous voulons ainsi vous rassurer que nous prenons des mesures suppl\u00e9mentaires dans nos \u00e9tablissements pour assurer la s\u00e9curit\u00e9 de vos enfants lorsqu\u2019ils suivent des cours \u00e0 Oxford Learning.<\/p><p>Nous faisons constamment des efforts pour avoir un milieu d\u2019apprentissage sain et exempt de bact\u00e9ries.<\/p><p>Certaines pr\u00e9cautions suppl\u00e9mentaires que nous prenons pr\u00e9sentement comprennent :<\/p><ul><li>Le nettoyage des tables et fournitures entre chaque s\u00e9ance d&rsquo;enseignement.<\/li><li>Le nettoyage de toutes les poign\u00e9es et des surfaces communes.<\/li><li>La mise en place d\u2019un crayon appartenant \u00e0 chaque \u00e9l\u00e8ve.<\/li><li>La mise en place de mouchoir et d\u2019un d\u00e9sinfectant pour les mains pr\u00e8s de chaque table d\u2019enseignement et \u00e0 la r\u00e9ception.<\/li><li>Le lavage des mains entre chaque s\u00e9ance d\u2019enseignement.\/li&gt;<\/li><\/ul><p>Il est \u00e0 noter que l&rsquo;action la plus importante de la part de tous, afin d\u2019assurer la s\u00e9curit\u00e9 de nos \u00e9l\u00e8ves est la suivante :<\/p><p>Si votre enfant ne se sent pas bien, veuillez s\u2019il vous pla\u00eet nous aviser afin de pouvoir r\u00e9ceduler son cours.<\/p><p>Pour toute inqui\u00e9tude au sujet de la sant\u00e9 de votre enfant pendant sa s\u00e9ance \u00e0 Oxford Learning, n&rsquo;h\u00e9sitez surtout pas \u00e0 communiquer avec nous.<\/p><\/div><\/div><\/div>\t\t\t\t\t\t\t\t<\/div>\n\t\t\t\t<\/div>\n\t\t\t\t<div class=\"elementor-element elementor-element-01da669 elementor-widget elementor-widget-image\" data-id=\"01da669\" data-element_type=\"widget\" data-e-type=\"widget\" data-widget_type=\"image.default\">\n\t\t\t\t<div class=\"elementor-widget-container\">\n\t\t\t\t\t\t\t\t\t\t\t\t\t\t\t<img fetchpriority=\"high\" decoding=\"async\" width=\"788\" height=\"1024\" src=\"https:\/\/oxfordlearning.com\/wp-content\/uploads\/2024\/09\/virusesposter-fr-788x1024.png\" class=\"attachment-large size-large wp-image-1411\" alt=\"\" srcset=\"https:\/\/oxfordlearning.com\/wp-content\/uploads\/2024\/09\/virusesposter-fr-788x1024.png 788w, https:\/\/oxfordlearning.com\/wp-content\/uploads\/2024\/09\/virusesposter-fr-231x300.png 231w, https:\/\/oxfordlearning.com\/wp-content\/uploads\/2024\/09\/virusesposter-fr-768x998.png 768w, https:\/\/oxfordlearning.com\/wp-content\/uploads\/2024\/09\/virusesposter-fr-1182x1536.png 1182w, https:\/\/oxfordlearning.com\/wp-content\/uploads\/2024\/09\/virusesposter-fr-1576x2048.png 1576w, https:\/\/oxfordlearning.com\/wp-content\/uploads\/2024\/09\/virusesposter-fr.png 1930w\" sizes=\"(max-width: 788px) 100vw, 788px\" \/>\t\t\t\t\t\t\t\t\t\t\t\t\t\t\t<\/div>\n\t\t\t\t<\/div>\n\t\t\t\t\t<\/div>\n\t\t\t\t<\/div>\n\t\t\t\t<\/div>\n\t\t","protected":false},"excerpt":{"rendered":"<p>Nous sommes conscients que les nouvelles concernant le coronavirus inqui\u00e8tent de nombreuses personnes quant \u00e0 la propagation des maladies dans les lieux publics. PSoyez assur\u00e9s que nous prenons tr\u00e8s au s\u00e9rieux cette menace pour la sant\u00e9. Le bien-\u00eatre et la sant\u00e9 de notre personnel et de nos \u00e9tudiants sont nos priorit\u00e9s. Nous voulons ainsi vous [&hellip;] [&hellip;]<\/p>\n","protected":false},"author":3,"featured_media":0,"parent":0,"menu_order":0,"comment_status":"closed","ping_status":"closed","template":"","meta":{"footnotes":""},"class_list":["post-1410","page","type-page","status-publish","hentry"],"yoast_head":"<!-- This site is optimized with the Yoast SEO plugin v27.5 - https:\/\/yoast.com\/product\/yoast-seo-wordpress\/ -->\n<title>Coronavirus - Oxford Learning<\/title>\n<meta name=\"robots\" content=\"index, follow, max-snippet:-1, max-image-preview:large, max-video-preview:-1\" \/>\n<link rel=\"canonical\" href=\"https:\/\/oxfordlearning.com\/fr\/coronavirus\/\" \/>\n<meta property=\"og:locale\" content=\"fr_FR\" \/>\n<meta property=\"og:type\" content=\"article\" \/>\n<meta property=\"og:title\" content=\"Coronavirus - Oxford Learning\" \/>\n<meta property=\"og:description\" content=\"Nous sommes conscients que les nouvelles concernant le coronavirus inqui\u00e8tent de nombreuses personnes quant \u00e0 la propagation des maladies dans les lieux publics. PSoyez assur\u00e9s que nous prenons tr\u00e8s au s\u00e9rieux cette menace pour la sant\u00e9. Le bien-\u00eatre et la sant\u00e9 de notre personnel et de nos \u00e9tudiants sont nos priorit\u00e9s. Nous voulons ainsi vous [&hellip;] [&hellip;]\" \/>\n<meta property=\"og:url\" content=\"https:\/\/oxfordlearning.com\/fr\/coronavirus\/\" \/>\n<meta property=\"og:site_name\" content=\"Oxford Learning\" \/>\n<meta property=\"article:publisher\" content=\"https:\/\/www.facebook.com\/OxfordLearning\/\" \/>\n<meta property=\"article:modified_time\" content=\"2024-10-07T15:18:43+00:00\" \/>\n<meta property=\"og:image\" content=\"https:\/\/oxfordlearning.com\/wp-content\/uploads\/2024\/09\/virusesposter-fr-788x1024.png\" \/>\n<meta name=\"twitter:card\" content=\"summary_large_image\" \/>\n<meta name=\"twitter:site\" content=\"@oxfordlearning\" \/>\n<meta name=\"twitter:label1\" content=\"Dur\u00e9e de lecture estim\u00e9e\" \/>\n\t<meta name=\"twitter:data1\" content=\"2 minutes\" \/>\n<script type=\"application\/ld+json\" class=\"yoast-schema-graph\">{\"@context\":\"https:\\\/\\\/schema.org\",\"@graph\":[{\"@type\":\"WebPage\",\"@id\":\"https:\\\/\\\/oxfordlearning.com\\\/fr\\\/coronavirus\\\/\",\"url\":\"https:\\\/\\\/oxfordlearning.com\\\/fr\\\/coronavirus\\\/\",\"name\":\"Coronavirus - Oxford Learning\",\"isPartOf\":{\"@id\":\"https:\\\/\\\/oxfordlearning.com\\\/fr\\\/#website\"},\"primaryImageOfPage\":{\"@id\":\"https:\\\/\\\/oxfordlearning.com\\\/fr\\\/coronavirus\\\/#primaryimage\"},\"image\":{\"@id\":\"https:\\\/\\\/oxfordlearning.com\\\/fr\\\/coronavirus\\\/#primaryimage\"},\"thumbnailUrl\":\"https:\\\/\\\/oxfordlearning.com\\\/wp-content\\\/uploads\\\/2024\\\/09\\\/virusesposter-fr-788x1024.png\",\"datePublished\":\"2024-09-09T14:41:22+00:00\",\"dateModified\":\"2024-10-07T15:18:43+00:00\",\"breadcrumb\":{\"@id\":\"https:\\\/\\\/oxfordlearning.com\\\/fr\\\/coronavirus\\\/#breadcrumb\"},\"inLanguage\":\"fr-FR\",\"potentialAction\":[{\"@type\":\"ReadAction\",\"target\":[\"https:\\\/\\\/oxfordlearning.com\\\/fr\\\/coronavirus\\\/\"]}]},{\"@type\":\"ImageObject\",\"inLanguage\":\"fr-FR\",\"@id\":\"https:\\\/\\\/oxfordlearning.com\\\/fr\\\/coronavirus\\\/#primaryimage\",\"url\":\"https:\\\/\\\/oxfordlearning.com\\\/wp-content\\\/uploads\\\/2024\\\/09\\\/virusesposter-fr-788x1024.png\",\"contentUrl\":\"https:\\\/\\\/oxfordlearning.com\\\/wp-content\\\/uploads\\\/2024\\\/09\\\/virusesposter-fr-788x1024.png\"},{\"@type\":\"BreadcrumbList\",\"@id\":\"https:\\\/\\\/oxfordlearning.com\\\/fr\\\/coronavirus\\\/#breadcrumb\",\"itemListElement\":[{\"@type\":\"ListItem\",\"position\":1,\"name\":\"Accueil\",\"item\":\"https:\\\/\\\/oxfordlearning.com\\\/fr\\\/\"},{\"@type\":\"ListItem\",\"position\":2,\"name\":\"Coronavirus\"}]},{\"@type\":\"WebSite\",\"@id\":\"https:\\\/\\\/oxfordlearning.com\\\/fr\\\/#website\",\"url\":\"https:\\\/\\\/oxfordlearning.com\\\/fr\\\/\",\"name\":\"Oxford Learning\",\"description\":\"Never Stop Learning\",\"publisher\":{\"@id\":\"https:\\\/\\\/oxfordlearning.com\\\/fr\\\/#organization\"},\"potentialAction\":[{\"@type\":\"SearchAction\",\"target\":{\"@type\":\"EntryPoint\",\"urlTemplate\":\"https:\\\/\\\/oxfordlearning.com\\\/fr\\\/?s={search_term_string}\"},\"query-input\":{\"@type\":\"PropertyValueSpecification\",\"valueRequired\":true,\"valueName\":\"search_term_string\"}}],\"inLanguage\":\"fr-FR\"},{\"@type\":\"Organization\",\"@id\":\"https:\\\/\\\/oxfordlearning.com\\\/fr\\\/#organization\",\"name\":\"Le Centre d\u2019apprentissage Oxford\",\"url\":\"https:\\\/\\\/oxfordlearning.com\\\/fr\\\/\",\"logo\":{\"@type\":\"ImageObject\",\"inLanguage\":\"fr-FR\",\"@id\":\"https:\\\/\\\/oxfordlearning.com\\\/fr\\\/#\\\/schema\\\/logo\\\/image\\\/\",\"url\":\"https:\\\/\\\/oxfordlearning.com\\\/wp-content\\\/uploads\\\/2025\\\/09\\\/Oxford_Logo_Preview.png\",\"contentUrl\":\"https:\\\/\\\/oxfordlearning.com\\\/wp-content\\\/uploads\\\/2025\\\/09\\\/Oxford_Logo_Preview.png\",\"width\":700,\"height\":368,\"caption\":\"Le Centre d\u2019apprentissage Oxford\"},\"image\":{\"@id\":\"https:\\\/\\\/oxfordlearning.com\\\/fr\\\/#\\\/schema\\\/logo\\\/image\\\/\"},\"sameAs\":[\"https:\\\/\\\/www.facebook.com\\\/OxfordLearning\\\/\",\"https:\\\/\\\/x.com\\\/oxfordlearning\"]}]}<\/script>\n<!-- \/ Yoast SEO plugin. -->","yoast_head_json":{"title":"Coronavirus - Oxford Learning","robots":{"index":"index","follow":"follow","max-snippet":"max-snippet:-1","max-image-preview":"max-image-preview:large","max-video-preview":"max-video-preview:-1"},"canonical":"https:\/\/oxfordlearning.com\/fr\/coronavirus\/","og_locale":"fr_FR","og_type":"article","og_title":"Coronavirus - Oxford Learning","og_description":"Nous sommes conscients que les nouvelles concernant le coronavirus inqui\u00e8tent de nombreuses personnes quant \u00e0 la propagation des maladies dans les lieux publics. PSoyez assur\u00e9s que nous prenons tr\u00e8s au s\u00e9rieux cette menace pour la sant\u00e9. Le bien-\u00eatre et la sant\u00e9 de notre personnel et de nos \u00e9tudiants sont nos priorit\u00e9s. Nous voulons ainsi vous [&hellip;] [&hellip;]","og_url":"https:\/\/oxfordlearning.com\/fr\/coronavirus\/","og_site_name":"Oxford Learning","article_publisher":"https:\/\/www.facebook.com\/OxfordLearning\/","article_modified_time":"2024-10-07T15:18:43+00:00","og_image":[{"url":"https:\/\/oxfordlearning.com\/wp-content\/uploads\/2024\/09\/virusesposter-fr-788x1024.png","type":"","width":"","height":""}],"twitter_card":"summary_large_image","twitter_site":"@oxfordlearning","twitter_misc":{"Dur\u00e9e de lecture estim\u00e9e":"2 minutes"},"schema":{"@context":"https:\/\/schema.org","@graph":[{"@type":"WebPage","@id":"https:\/\/oxfordlearning.com\/fr\/coronavirus\/","url":"https:\/\/oxfordlearning.com\/fr\/coronavirus\/","name":"Coronavirus - Oxford Learning","isPartOf":{"@id":"https:\/\/oxfordlearning.com\/fr\/#website"},"primaryImageOfPage":{"@id":"https:\/\/oxfordlearning.com\/fr\/coronavirus\/#primaryimage"},"image":{"@id":"https:\/\/oxfordlearning.com\/fr\/coronavirus\/#primaryimage"},"thumbnailUrl":"https:\/\/oxfordlearning.com\/wp-content\/uploads\/2024\/09\/virusesposter-fr-788x1024.png","datePublished":"2024-09-09T14:41:22+00:00","dateModified":"2024-10-07T15:18:43+00:00","breadcrumb":{"@id":"https:\/\/oxfordlearning.com\/fr\/coronavirus\/#breadcrumb"},"inLanguage":"fr-FR","potentialAction":[{"@type":"ReadAction","target":["https:\/\/oxfordlearning.com\/fr\/coronavirus\/"]}]},{"@type":"ImageObject","inLanguage":"fr-FR","@id":"https:\/\/oxfordlearning.com\/fr\/coronavirus\/#primaryimage","url":"https:\/\/oxfordlearning.com\/wp-content\/uploads\/2024\/09\/virusesposter-fr-788x1024.png","contentUrl":"https:\/\/oxfordlearning.com\/wp-content\/uploads\/2024\/09\/virusesposter-fr-788x1024.png"},{"@type":"BreadcrumbList","@id":"https:\/\/oxfordlearning.com\/fr\/coronavirus\/#breadcrumb","itemListElement":[{"@type":"ListItem","position":1,"name":"Accueil","item":"https:\/\/oxfordlearning.com\/fr\/"},{"@type":"ListItem","position":2,"name":"Coronavirus"}]},{"@type":"WebSite","@id":"https:\/\/oxfordlearning.com\/fr\/#website","url":"https:\/\/oxfordlearning.com\/fr\/","name":"Oxford Learning","description":"Never Stop Learning","publisher":{"@id":"https:\/\/oxfordlearning.com\/fr\/#organization"},"potentialAction":[{"@type":"SearchAction","target":{"@type":"EntryPoint","urlTemplate":"https:\/\/oxfordlearning.com\/fr\/?s={search_term_string}"},"query-input":{"@type":"PropertyValueSpecification","valueRequired":true,"valueName":"search_term_string"}}],"inLanguage":"fr-FR"},{"@type":"Organization","@id":"https:\/\/oxfordlearning.com\/fr\/#organization","name":"Le Centre d\u2019apprentissage Oxford","url":"https:\/\/oxfordlearning.com\/fr\/","logo":{"@type":"ImageObject","inLanguage":"fr-FR","@id":"https:\/\/oxfordlearning.com\/fr\/#\/schema\/logo\/image\/","url":"https:\/\/oxfordlearning.com\/wp-content\/uploads\/2025\/09\/Oxford_Logo_Preview.png","contentUrl":"https:\/\/oxfordlearning.com\/wp-content\/uploads\/2025\/09\/Oxford_Logo_Preview.png","width":700,"height":368,"caption":"Le Centre d\u2019apprentissage Oxford"},"image":{"@id":"https:\/\/oxfordlearning.com\/fr\/#\/schema\/logo\/image\/"},"sameAs":["https:\/\/www.facebook.com\/OxfordLearning\/","https:\/\/x.com\/oxfordlearning"]}]}},"meta_box":[],"_links":{"self":[{"href":"https:\/\/oxfordlearning.com\/fr\/wp-json\/wp\/v2\/pages\/1410","targetHints":{"allow":["GET"]}}],"collection":[{"href":"https:\/\/oxfordlearning.com\/fr\/wp-json\/wp\/v2\/pages"}],"about":[{"href":"https:\/\/oxfordlearning.com\/fr\/wp-json\/wp\/v2\/types\/page"}],"author":[{"embeddable":true,"href":"https:\/\/oxfordlearning.com\/fr\/wp-json\/wp\/v2\/users\/3"}],"replies":[{"embeddable":true,"href":"https:\/\/oxfordlearning.com\/fr\/wp-json\/wp\/v2\/comments?post=1410"}],"version-history":[{"count":0,"href":"https:\/\/oxfordlearning.com\/fr\/wp-json\/wp\/v2\/pages\/1410\/revisions"}],"wp:attachment":[{"href":"https:\/\/oxfordlearning.com\/fr\/wp-json\/wp\/v2\/media?parent=1410"}],"curies":[{"name":"wp","href":"https:\/\/api.w.org\/{rel}","templated":true}]}}