{"id":1439,"date":"2024-09-09T14:19:49","date_gmt":"2024-09-09T14:19:49","guid":{"rendered":"https:\/\/oxfordlearning.com\/?page_id=1439"},"modified":"2024-10-07T15:18:46","modified_gmt":"2024-10-07T15:18:46","slug":"postes-au-siege-social","status":"publish","type":"page","link":"https:\/\/oxfordlearning.com\/fr\/postes-au-siege-social\/","title":{"rendered":"Postes au Si\u00e8ge Social"},"content":{"rendered":"\t\t<div data-elementor-type=\"wp-page\" data-elementor-id=\"1439\" class=\"elementor elementor-1439 elementor-457\" data-elementor-post-type=\"page\">\n\t\t\t\t<div class=\"elementor-element elementor-element-6250321 e-flex e-con-boxed e-con e-parent\" data-id=\"6250321\" data-element_type=\"container\" data-e-type=\"container\" data-settings=\"{&quot;background_background&quot;:&quot;classic&quot;}\">\n\t\t\t\t\t<div class=\"e-con-inner\">\n\t\t<div class=\"elementor-element elementor-element-67476f6 e-con-full e-flex e-con e-child\" data-id=\"67476f6\" data-element_type=\"container\" data-e-type=\"container\">\n\t\t\t\t<div class=\"elementor-element elementor-element-7d8e402 elementor-widget elementor-widget-heading\" data-id=\"7d8e402\" data-element_type=\"widget\" data-e-type=\"widget\" data-widget_type=\"heading.default\">\n\t\t\t\t<div class=\"elementor-widget-container\">\n\t\t\t\t\t<h1 class=\"elementor-heading-title elementor-size-default\">Postes au Si\u00e8ge Social\n<\/h1>\t\t\t\t<\/div>\n\t\t\t\t<\/div>\n\t\t\t\t<div class=\"elementor-element elementor-element-35e77d2 elementor-align-left elementor-widget elementor-widget-button\" data-id=\"35e77d2\" data-element_type=\"widget\" data-e-type=\"widget\" data-widget_type=\"button.default\">\n\t\t\t\t<div class=\"elementor-widget-container\">\n\t\t\t\t\t\t\t\t\t<div class=\"elementor-button-wrapper\">\n\t\t\t\t\t<a class=\"elementor-button elementor-button-link elementor-size-sm\" href=\"https:\/\/oxfordlearning.talentnest.com\/fr\">\n\t\t\t\t\t\t<span class=\"elementor-button-content-wrapper\">\n\t\t\t\t\t\t\t\t\t<span class=\"elementor-button-text\"> Postulez d\u00e8s aujourd\u2019hui<\/span>\n\t\t\t\t\t<\/span>\n\t\t\t\t\t<\/a>\n\t\t\t\t<\/div>\n\t\t\t\t\t\t\t\t<\/div>\n\t\t\t\t<\/div>\n\t\t\t\t<\/div>\n\t\t\t\t\t<\/div>\n\t\t\t\t<\/div>\n\t\t<div class=\"elementor-element elementor-element-3fff7d0 e-flex e-con-boxed e-con e-parent\" data-id=\"3fff7d0\" data-element_type=\"container\" data-e-type=\"container\">\n\t\t\t\t\t<div class=\"e-con-inner\">\n\t\t\t\t<div class=\"elementor-element elementor-element-16ce447 rays elementor-widget elementor-widget-heading\" data-id=\"16ce447\" data-element_type=\"widget\" data-e-type=\"widget\" data-widget_type=\"heading.default\">\n\t\t\t\t<div class=\"elementor-widget-container\">\n\t\t\t\t\t<h2 class=\"elementor-heading-title elementor-size-default\">Rejoignez Oxford Learning d\u00e8s aujourd\u2019hui!<\/h2>\t\t\t\t<\/div>\n\t\t\t\t<\/div>\n\t\t\t\t<div class=\"elementor-element elementor-element-e231bb8 elementor-widget elementor-widget-text-editor\" data-id=\"e231bb8\" data-element_type=\"widget\" data-e-type=\"widget\" data-widget_type=\"text-editor.default\">\n\t\t\t\t<div class=\"elementor-widget-container\">\n\t\t\t\t\t\t\t\t\t<p style=\"text-align: center;\">Faites partie d\u2019un syst\u00e8me canadien unique qui aide les enfants \u00e0 d\u00e9couvrir leur v\u00e9ritable potentiel d\u2019apprentissage. Chez Oxford Learning, vous jouerez un r\u00f4le actif dans la cr\u00e9ation de changements positifs dans l\u2019apprentissage des \u00e9l\u00e8ves, dans la vie des familles, dans votre communaut\u00e9 et dans l\u2019ensemble du secteur de l\u2019\u00e9ducation au Canada.<br \/><br \/>Contrairement \u00e0 tous les autres tuteurs et franchises d\u2019enseignement compl\u00e9mentaire, Oxford Learning aide les \u00e9l\u00e8ves \u00e0 apprendre en utilisant des strat\u00e9gies de d\u00e9veloppement cognitif uniques \u00e0 notre marque et essentielles pour faire une diff\u00e9rence dans la fa\u00e7on dont les \u00e9l\u00e8ves apprennent.<\/p><div><h3>\u00a0<\/h3><h3 class=\"h2\" style=\"text-align: center;\">Notre culture d\u2019entreprise<\/h3><p style=\"text-align: center;\">Oxford Learning est une entreprise familiale avec des valeurs familiales ax\u00e9es sur le maintien d\u2019une activit\u00e9 attentive, le soutien des coll\u00e8gues et la c\u00e9l\u00e9bration de la r\u00e9ussite. Nous veillons \u00e0 ce que notre culture ax\u00e9e sur les objectifs, nos techniques uniques d\u2019apprentissage cognitif, nos syst\u00e8mes \u00e9prouv\u00e9s et notre soutien ind\u00e9fectible contribuent tous \u00e0 la r\u00e9ussite de nos employ\u00e9s.<br \/><br \/>Fond\u00e9 \u00e0 London (Ontario) en 1984, Oxford Learning est pr\u00e9sent dans tout le Canada depuis pr\u00e8s de quarante ans et contribue \u00e0 la r\u00e9ussite de carri\u00e8res professionnelles \u00e0 tous les niveaux. Rejoignez notre \u00e9quipe d\u00e8s aujourd\u2019hui pour vous forger une carri\u00e8re enrichissante et faire la diff\u00e9rence dans la vie des \u00e9tudiants et dans votre propre vie. Voir tous les sites canadiens.<\/p><\/div>\t\t\t\t\t\t\t\t<\/div>\n\t\t\t\t<\/div>\n\t\t\t\t\t<\/div>\n\t\t\t\t<\/div>\n\t\t<div class=\"elementor-element elementor-element-90ee332 e-flex e-con-boxed e-con e-parent\" data-id=\"90ee332\" data-element_type=\"container\" data-e-type=\"container\" id=\"careers-list\" data-settings=\"{&quot;background_background&quot;:&quot;classic&quot;}\">\n\t\t\t\t\t<div class=\"e-con-inner\">\n\t\t\t\t<div class=\"elementor-element elementor-element-195b475 elementor-widget elementor-widget-heading\" data-id=\"195b475\" data-element_type=\"widget\" data-e-type=\"widget\" data-widget_type=\"heading.default\">\n\t\t\t\t<div class=\"elementor-widget-container\">\n\t\t\t\t\t<h3 class=\"elementor-heading-title elementor-size-default\">Suivez les liens Voir l\u2019affichage vers notre page de renvoi TalentNest pour d\u00e9buter le processus de candidature interactif!<\/h3>\t\t\t\t<\/div>\n\t\t\t\t<\/div>\n\t\t\t\t<div class=\"elementor-element elementor-element-71e9a24 elementor-widget elementor-widget-text-editor\" data-id=\"71e9a24\" data-element_type=\"widget\" data-e-type=\"widget\" data-widget_type=\"text-editor.default\">\n\t\t\t\t<div class=\"elementor-widget-container\">\n\t\t\t\t\t\t\t\t\t<p class=\"positions\" style=\"text-align: center;\">Il n\u2019y a actuellement aucun poste trouv\u00e9 pour ce site. Utilisez le bouton ci-dessous pour v\u00e9rifier les postes disponibles sur tous nos sites.<\/p>\t\t\t\t\t\t\t\t<\/div>\n\t\t\t\t<\/div>\n\t\t\t\t<div class=\"elementor-element elementor-element-ba7f10e elementor-align-left elementor-widget elementor-widget-button\" data-id=\"ba7f10e\" data-element_type=\"widget\" data-e-type=\"widget\" data-widget_type=\"button.default\">\n\t\t\t\t<div class=\"elementor-widget-container\">\n\t\t\t\t\t\t\t\t\t<div class=\"elementor-button-wrapper\">\n\t\t\t\t\t<a class=\"elementor-button elementor-button-link elementor-size-sm\" href=\"https:\/\/oxfordlearning.talentnest.com\/fr\">\n\t\t\t\t\t\t<span class=\"elementor-button-content-wrapper\">\n\t\t\t\t\t\t\t\t\t<span class=\"elementor-button-text\">Afficher tous les emplois disponibles<\/span>\n\t\t\t\t\t<\/span>\n\t\t\t\t\t<\/a>\n\t\t\t\t<\/div>\n\t\t\t\t\t\t\t\t<\/div>\n\t\t\t\t<\/div>\n\t\t\t\t\t<\/div>\n\t\t\t\t<\/div>\n\t\t<div class=\"elementor-element elementor-element-f1d9454 e-flex e-con-boxed e-con e-parent\" data-id=\"f1d9454\" data-element_type=\"container\" data-e-type=\"container\" data-settings=\"{&quot;background_background&quot;:&quot;classic&quot;}\">\n\t\t\t\t\t<div class=\"e-con-inner\">\n\t\t\t\t<div class=\"elementor-element elementor-element-ff9acd0 elementor-widget elementor-widget-text-editor\" data-id=\"ff9acd0\" data-element_type=\"widget\" data-e-type=\"widget\" data-widget_type=\"text-editor.default\">\n\t\t\t\t<div class=\"elementor-widget-container\">\n\t\t\t\t\t\t\t\t\t<p style=\"text-align: center;\">Consultez l\u2019onglet Carri\u00e8res sur la page du centre le plus pr\u00e8s de chez vous!<\/p>\t\t\t\t\t\t\t\t<\/div>\n\t\t\t\t<\/div>\n\t\t\t\t<div class=\"elementor-element elementor-element-dd48275 elementor-align-left elementor-widget elementor-widget-button\" data-id=\"dd48275\" data-element_type=\"widget\" data-e-type=\"widget\" data-widget_type=\"button.default\">\n\t\t\t\t<div class=\"elementor-widget-container\">\n\t\t\t\t\t\t\t\t\t<div class=\"elementor-button-wrapper\">\n\t\t\t\t\t<a class=\"elementor-button elementor-button-link elementor-size-sm\" href=\"\/locations\/\">\n\t\t\t\t\t\t<span class=\"elementor-button-content-wrapper\">\n\t\t\t\t\t\t\t\t\t<span class=\"elementor-button-text\">Trouver votre emplacement<\/span>\n\t\t\t\t\t<\/span>\n\t\t\t\t\t<\/a>\n\t\t\t\t<\/div>\n\t\t\t\t\t\t\t\t<\/div>\n\t\t\t\t<\/div>\n\t\t\t\t<div class=\"elementor-element elementor-element-5d7070b elementor-widget elementor-widget-text-editor\" data-id=\"5d7070b\" data-element_type=\"widget\" data-e-type=\"widget\" data-widget_type=\"text-editor.default\">\n\t\t\t\t<div class=\"elementor-widget-container\">\n\t\t\t\t\t\t\t\t\t<p style=\"text-align: center;\">TalentNest est un outil de gestion des talents bas\u00e9 sur Internet. Les franchis\u00e9s du syst\u00e8me franchis\u00e9 des centres d\u2019apprentissage Oxford Learning peuvent utiliser cet outil pour mener certaines de leurs activit\u00e9s de gestion des talents et pour publier des offres d\u2019emploi. Le processus d\u2019embauche pour tous ces postes est uniquement men\u00e9 par chaque franchis\u00e9 des centres d\u2019apprentissage Oxford Learning, et non par Oxford Learning Centres, Inc.<\/p>\t\t\t\t\t\t\t\t<\/div>\n\t\t\t\t<\/div>\n\t\t\t\t\t<\/div>\n\t\t\t\t<\/div>\n\t\t<div class=\"elementor-element elementor-element-75453fe6 e-flex e-con-boxed e-con e-parent\" data-id=\"75453fe6\" data-element_type=\"container\" data-e-type=\"container\" data-settings=\"{&quot;background_background&quot;:&quot;classic&quot;}\">\n\t\t\t\t\t<div class=\"e-con-inner\">\n\t\t<div class=\"elementor-element elementor-element-3535045a e-con-full e-flex e-con e-child\" data-id=\"3535045a\" data-element_type=\"container\" data-e-type=\"container\">\n\t\t\t\t<div class=\"elementor-element elementor-element-4897b350 elementor-widget elementor-widget-heading\" data-id=\"4897b350\" data-element_type=\"widget\" data-e-type=\"widget\" data-widget_type=\"heading.default\">\n\t\t\t\t<div class=\"elementor-widget-container\">\n\t\t\t\t\t<h2 class=\"elementor-heading-title elementor-size-default\">Rejoignez <span class=\"list-line\">la liste d\u2019envoi<\/span> du Centre d'apprentissage Oxford<\/h2>\t\t\t\t<\/div>\n\t\t\t\t<\/div>\n\t\t\t\t<div class=\"elementor-element elementor-element-4e1a1cb4 elementor-widget elementor-widget-heading\" data-id=\"4e1a1cb4\" data-element_type=\"widget\" data-e-type=\"widget\" data-widget_type=\"heading.default\">\n\t\t\t\t<div class=\"elementor-widget-container\">\n\t\t\t\t\t<span class=\"elementor-heading-title elementor-size-default\">Recevez chaque semaine des conseils d'apprentissage et des articles sur l'\u00e9ducation directement dans votre bo\u00eete aux lettres \u00e9lectronique. Inscrivez-vous d\u00e8s aujourd'hui !<\/span>\t\t\t\t<\/div>\n\t\t\t\t<\/div>\n\t\t\t\t<\/div>\n\t\t<div class=\"elementor-element elementor-element-52f84ad9 e-con-full e-flex e-con e-child\" data-id=\"52f84ad9\" data-element_type=\"container\" data-e-type=\"container\">\n\t\t\t\t<div class=\"elementor-element elementor-element-4042d661 elementor-button-align-stretch elementor-widget elementor-widget-form\" data-id=\"4042d661\" data-element_type=\"widget\" data-e-type=\"widget\" data-settings=\"{&quot;button_width&quot;:&quot;33&quot;,&quot;step_next_label&quot;:&quot;suivant&quot;,&quot;step_previous_label&quot;:&quot;pr\\u00e9c\\u00e9dent&quot;,&quot;step_type&quot;:&quot;number_text&quot;,&quot;step_icon_shape&quot;:&quot;circle&quot;}\" data-widget_type=\"form.default\">\n\t\t\t\t<div class=\"elementor-widget-container\">\n\t\t\t\t\t\t\t<form class=\"elementor-form\" method=\"post\" name=\"kh_newsletter\" aria-label=\"kh_newsletter\">\n\t\t\t<input type=\"hidden\" name=\"post_id\" value=\"1439\"\/>\n\t\t\t<input type=\"hidden\" name=\"form_id\" value=\"4042d661\"\/>\n\t\t\t<input type=\"hidden\" name=\"referer_title\" value=\"Postes au Si\u00e8ge Social - Oxford Learning\" \/>\n\n\t\t\t\t\t\t\t<input type=\"hidden\" name=\"queried_id\" value=\"1439\"\/>\n\t\t\t\n\t\t\t<div class=\"elementor-form-fields-wrapper elementor-labels-\">\n\t\t\t\t\t\t\t\t<div class=\"elementor-field-type-email elementor-field-group elementor-column elementor-field-group-kh_dn_email elementor-col-70 elementor-field-required\">\n\t\t\t\t\t\t\t\t\t\t\t\t<label for=\"form-field-kh_dn_email\" class=\"elementor-field-label elementor-screen-only\">\n\t\t\t\t\t\t\t\tEmail\t\t\t\t\t\t\t<\/label>\n\t\t\t\t\t\t\t\t\t\t\t\t\t\t<input size=\"1\" type=\"email\" name=\"form_fields[kh_dn_email]\" id=\"form-field-kh_dn_email\" class=\"elementor-field elementor-size-xl  elementor-field-textual\" placeholder=\"Saisissez votre adresse courriel\" required=\"required\">\n\t\t\t\t\t\t\t\t\t\t\t<\/div>\n\t\t\t\t\t\t\t\t<div class=\"elementor-field-type-text\">\n\t\t\t\t\t<input size=\"1\" type=\"text\" name=\"form_fields[field_ae220f6]\" id=\"form-field-field_ae220f6\" class=\"elementor-field elementor-size-xl \" style=\"display:none !important;\">\t\t\t\t<\/div>\n\t\t\t\t\t\t\t\t<div class=\"elementor-field-type-recaptcha_v3 elementor-field-group elementor-column elementor-field-group-field_763ce0c elementor-col-100 recaptcha_v3-bottomright\">\n\t\t\t\t\t<div class=\"elementor-field\" id=\"form-field-field_763ce0c\"><div class=\"elementor-g-recaptcha\" data-sitekey=\"6Lc8IQ0qAAAAAFO8P1d4PL_M0WF2_LY1_aQOMQ-d\" data-type=\"v3\" data-action=\"Form\" data-badge=\"bottomright\" data-size=\"invisible\"><\/div><\/div>\t\t\t\t<\/div>\n\t\t\t\t\t\t\t\t<div class=\"elementor-field-type-hidden elementor-field-group elementor-column elementor-field-group-kh_dn_address_book elementor-col-100\">\n\t\t\t\t\t\t\t\t\t\t\t\t\t<input size=\"1\" type=\"hidden\" name=\"form_fields[kh_dn_address_book]\" id=\"form-field-kh_dn_address_book\" class=\"elementor-field elementor-size-xl  elementor-field-textual\" value=\"309870\">\n\t\t\t\t\t\t\t\t\t\t\t<\/div>\n\t\t\t\t\t\t\t\t<div class=\"elementor-field-type-hidden elementor-field-group elementor-column elementor-field-group-kh_dn_program elementor-col-100\">\n\t\t\t\t\t\t\t\t\t\t\t\t\t<input size=\"1\" type=\"hidden\" name=\"form_fields[kh_dn_program]\" id=\"form-field-kh_dn_program\" class=\"elementor-field elementor-size-xl  elementor-field-textual\" value=\"155968\">\n\t\t\t\t\t\t\t\t\t\t\t<\/div>\n\t\t\t\t\t\t\t\t<div class=\"elementor-field-group elementor-column elementor-field-type-submit elementor-col-33 e-form__buttons\">\n\t\t\t\t\t<button class=\"elementor-button elementor-size-sm\" type=\"submit\">\n\t\t\t\t\t\t<span class=\"elementor-button-content-wrapper\">\n\t\t\t\t\t\t\t\t\t\t\t\t\t\t\t\t\t\t\t\t\t\t<span class=\"elementor-button-text\">S'abonner<\/span>\n\t\t\t\t\t\t\t\t\t\t\t\t\t<\/span>\n\t\t\t\t\t<\/button>\n\t\t\t\t<\/div>\n\t\t\t<\/div>\n\t\t<\/form>\n\t\t\t\t\t\t<\/div>\n\t\t\t\t<\/div>\n\t\t\t\t<\/div>\n\t\t\t\t\t<\/div>\n\t\t\t\t<\/div>\n\t\t\t\t<\/div>\n\t\t","protected":false},"excerpt":{"rendered":"<p>Postes au Si\u00e8ge Social Postulez d\u00e8s aujourd\u2019hui Rejoignez Oxford Learning d\u00e8s aujourd\u2019hui! Faites partie d\u2019un syst\u00e8me canadien unique qui aide les enfants \u00e0 d\u00e9couvrir leur v\u00e9ritable potentiel d\u2019apprentissage. Chez Oxford Learning, vous jouerez un r\u00f4le actif dans la cr\u00e9ation de changements positifs dans l\u2019apprentissage des \u00e9l\u00e8ves, dans la vie des familles, dans votre communaut\u00e9 et [&hellip;] [&hellip;]<\/p>\n","protected":false},"author":3,"featured_media":0,"parent":0,"menu_order":0,"comment_status":"closed","ping_status":"closed","template":"elementor_header_footer","meta":{"footnotes":""},"class_list":["post-1439","page","type-page","status-publish","hentry"],"yoast_head":"<!-- This site is optimized with the Yoast SEO plugin v27.4 - https:\/\/yoast.com\/product\/yoast-seo-wordpress\/ -->\n<title>Postes au Si\u00e8ge Social - Oxford Learning<\/title>\n<meta name=\"robots\" content=\"index, follow, max-snippet:-1, max-image-preview:large, max-video-preview:-1\" \/>\n<link rel=\"canonical\" href=\"https:\/\/oxfordlearning.com\/fr\/postes-au-siege-social\/\" \/>\n<meta property=\"og:locale\" content=\"fr_FR\" \/>\n<meta property=\"og:type\" content=\"article\" \/>\n<meta property=\"og:title\" content=\"Postes au Si\u00e8ge Social - Oxford Learning\" \/>\n<meta property=\"og:description\" content=\"Postes au Si\u00e8ge Social Postulez d\u00e8s aujourd\u2019hui Rejoignez Oxford Learning d\u00e8s aujourd\u2019hui! Faites partie d\u2019un syst\u00e8me canadien unique qui aide les enfants \u00e0 d\u00e9couvrir leur v\u00e9ritable potentiel d\u2019apprentissage. Chez Oxford Learning, vous jouerez un r\u00f4le actif dans la cr\u00e9ation de changements positifs dans l\u2019apprentissage des \u00e9l\u00e8ves, dans la vie des familles, dans votre communaut\u00e9 et [&hellip;] [&hellip;]\" \/>\n<meta property=\"og:url\" content=\"https:\/\/oxfordlearning.com\/fr\/postes-au-siege-social\/\" \/>\n<meta property=\"og:site_name\" content=\"Oxford Learning\" \/>\n<meta property=\"article:publisher\" content=\"https:\/\/www.facebook.com\/OxfordLearning\/\" \/>\n<meta property=\"article:modified_time\" content=\"2024-10-07T15:18:46+00:00\" \/>\n<meta property=\"og:image\" content=\"https:\/\/oxfordlearning.com\/wp-content\/uploads\/2025\/09\/Oxford_Logo_Preview.png\" \/>\n\t<meta property=\"og:image:width\" content=\"700\" \/>\n\t<meta property=\"og:image:height\" content=\"368\" \/>\n\t<meta property=\"og:image:type\" content=\"image\/png\" \/>\n<meta name=\"twitter:card\" content=\"summary_large_image\" \/>\n<meta name=\"twitter:site\" content=\"@oxfordlearning\" \/>\n<meta name=\"twitter:label1\" content=\"Dur\u00e9e de lecture estim\u00e9e\" \/>\n\t<meta name=\"twitter:data1\" content=\"2 minutes\" \/>\n<script type=\"application\/ld+json\" class=\"yoast-schema-graph\">{\"@context\":\"https:\\\/\\\/schema.org\",\"@graph\":[{\"@type\":\"WebPage\",\"@id\":\"https:\\\/\\\/oxfordlearning.com\\\/fr\\\/postes-au-siege-social\\\/\",\"url\":\"https:\\\/\\\/oxfordlearning.com\\\/fr\\\/postes-au-siege-social\\\/\",\"name\":\"Postes au Si\u00e8ge Social - Oxford Learning\",\"isPartOf\":{\"@id\":\"https:\\\/\\\/oxfordlearning.com\\\/fr\\\/#website\"},\"datePublished\":\"2024-09-09T14:19:49+00:00\",\"dateModified\":\"2024-10-07T15:18:46+00:00\",\"breadcrumb\":{\"@id\":\"https:\\\/\\\/oxfordlearning.com\\\/fr\\\/postes-au-siege-social\\\/#breadcrumb\"},\"inLanguage\":\"fr-FR\",\"potentialAction\":[{\"@type\":\"ReadAction\",\"target\":[\"https:\\\/\\\/oxfordlearning.com\\\/fr\\\/postes-au-siege-social\\\/\"]}]},{\"@type\":\"BreadcrumbList\",\"@id\":\"https:\\\/\\\/oxfordlearning.com\\\/fr\\\/postes-au-siege-social\\\/#breadcrumb\",\"itemListElement\":[{\"@type\":\"ListItem\",\"position\":1,\"name\":\"Accueil\",\"item\":\"https:\\\/\\\/oxfordlearning.com\\\/fr\\\/\"},{\"@type\":\"ListItem\",\"position\":2,\"name\":\"Postes au Si\u00e8ge Social\"}]},{\"@type\":\"WebSite\",\"@id\":\"https:\\\/\\\/oxfordlearning.com\\\/fr\\\/#website\",\"url\":\"https:\\\/\\\/oxfordlearning.com\\\/fr\\\/\",\"name\":\"Oxford Learning\",\"description\":\"Never Stop Learning\",\"publisher\":{\"@id\":\"https:\\\/\\\/oxfordlearning.com\\\/fr\\\/#organization\"},\"potentialAction\":[{\"@type\":\"SearchAction\",\"target\":{\"@type\":\"EntryPoint\",\"urlTemplate\":\"https:\\\/\\\/oxfordlearning.com\\\/fr\\\/?s={search_term_string}\"},\"query-input\":{\"@type\":\"PropertyValueSpecification\",\"valueRequired\":true,\"valueName\":\"search_term_string\"}}],\"inLanguage\":\"fr-FR\"},{\"@type\":\"Organization\",\"@id\":\"https:\\\/\\\/oxfordlearning.com\\\/fr\\\/#organization\",\"name\":\"Le Centre d\u2019apprentissage Oxford\",\"url\":\"https:\\\/\\\/oxfordlearning.com\\\/fr\\\/\",\"logo\":{\"@type\":\"ImageObject\",\"inLanguage\":\"fr-FR\",\"@id\":\"https:\\\/\\\/oxfordlearning.com\\\/fr\\\/#\\\/schema\\\/logo\\\/image\\\/\",\"url\":\"https:\\\/\\\/oxfordlearning.com\\\/wp-content\\\/uploads\\\/2025\\\/09\\\/Oxford_Logo_Preview.png\",\"contentUrl\":\"https:\\\/\\\/oxfordlearning.com\\\/wp-content\\\/uploads\\\/2025\\\/09\\\/Oxford_Logo_Preview.png\",\"width\":700,\"height\":368,\"caption\":\"Le Centre d\u2019apprentissage Oxford\"},\"image\":{\"@id\":\"https:\\\/\\\/oxfordlearning.com\\\/fr\\\/#\\\/schema\\\/logo\\\/image\\\/\"},\"sameAs\":[\"https:\\\/\\\/www.facebook.com\\\/OxfordLearning\\\/\",\"https:\\\/\\\/x.com\\\/oxfordlearning\"]}]}<\/script>\n<!-- \/ Yoast SEO plugin. -->","yoast_head_json":{"title":"Postes au Si\u00e8ge Social - Oxford Learning","robots":{"index":"index","follow":"follow","max-snippet":"max-snippet:-1","max-image-preview":"max-image-preview:large","max-video-preview":"max-video-preview:-1"},"canonical":"https:\/\/oxfordlearning.com\/fr\/postes-au-siege-social\/","og_locale":"fr_FR","og_type":"article","og_title":"Postes au Si\u00e8ge Social - Oxford Learning","og_description":"Postes au Si\u00e8ge Social Postulez d\u00e8s aujourd\u2019hui Rejoignez Oxford Learning d\u00e8s aujourd\u2019hui! Faites partie d\u2019un syst\u00e8me canadien unique qui aide les enfants \u00e0 d\u00e9couvrir leur v\u00e9ritable potentiel d\u2019apprentissage. Chez Oxford Learning, vous jouerez un r\u00f4le actif dans la cr\u00e9ation de changements positifs dans l\u2019apprentissage des \u00e9l\u00e8ves, dans la vie des familles, dans votre communaut\u00e9 et [&hellip;] [&hellip;]","og_url":"https:\/\/oxfordlearning.com\/fr\/postes-au-siege-social\/","og_site_name":"Oxford Learning","article_publisher":"https:\/\/www.facebook.com\/OxfordLearning\/","article_modified_time":"2024-10-07T15:18:46+00:00","og_image":[{"width":700,"height":368,"url":"https:\/\/oxfordlearning.com\/wp-content\/uploads\/2025\/09\/Oxford_Logo_Preview.png","type":"image\/png"}],"twitter_card":"summary_large_image","twitter_site":"@oxfordlearning","twitter_misc":{"Dur\u00e9e de lecture estim\u00e9e":"2 minutes"},"schema":{"@context":"https:\/\/schema.org","@graph":[{"@type":"WebPage","@id":"https:\/\/oxfordlearning.com\/fr\/postes-au-siege-social\/","url":"https:\/\/oxfordlearning.com\/fr\/postes-au-siege-social\/","name":"Postes au Si\u00e8ge Social - Oxford Learning","isPartOf":{"@id":"https:\/\/oxfordlearning.com\/fr\/#website"},"datePublished":"2024-09-09T14:19:49+00:00","dateModified":"2024-10-07T15:18:46+00:00","breadcrumb":{"@id":"https:\/\/oxfordlearning.com\/fr\/postes-au-siege-social\/#breadcrumb"},"inLanguage":"fr-FR","potentialAction":[{"@type":"ReadAction","target":["https:\/\/oxfordlearning.com\/fr\/postes-au-siege-social\/"]}]},{"@type":"BreadcrumbList","@id":"https:\/\/oxfordlearning.com\/fr\/postes-au-siege-social\/#breadcrumb","itemListElement":[{"@type":"ListItem","position":1,"name":"Accueil","item":"https:\/\/oxfordlearning.com\/fr\/"},{"@type":"ListItem","position":2,"name":"Postes au Si\u00e8ge Social"}]},{"@type":"WebSite","@id":"https:\/\/oxfordlearning.com\/fr\/#website","url":"https:\/\/oxfordlearning.com\/fr\/","name":"Oxford Learning","description":"Never Stop Learning","publisher":{"@id":"https:\/\/oxfordlearning.com\/fr\/#organization"},"potentialAction":[{"@type":"SearchAction","target":{"@type":"EntryPoint","urlTemplate":"https:\/\/oxfordlearning.com\/fr\/?s={search_term_string}"},"query-input":{"@type":"PropertyValueSpecification","valueRequired":true,"valueName":"search_term_string"}}],"inLanguage":"fr-FR"},{"@type":"Organization","@id":"https:\/\/oxfordlearning.com\/fr\/#organization","name":"Le Centre d\u2019apprentissage Oxford","url":"https:\/\/oxfordlearning.com\/fr\/","logo":{"@type":"ImageObject","inLanguage":"fr-FR","@id":"https:\/\/oxfordlearning.com\/fr\/#\/schema\/logo\/image\/","url":"https:\/\/oxfordlearning.com\/wp-content\/uploads\/2025\/09\/Oxford_Logo_Preview.png","contentUrl":"https:\/\/oxfordlearning.com\/wp-content\/uploads\/2025\/09\/Oxford_Logo_Preview.png","width":700,"height":368,"caption":"Le Centre d\u2019apprentissage Oxford"},"image":{"@id":"https:\/\/oxfordlearning.com\/fr\/#\/schema\/logo\/image\/"},"sameAs":["https:\/\/www.facebook.com\/OxfordLearning\/","https:\/\/x.com\/oxfordlearning"]}]}},"meta_box":[],"_links":{"self":[{"href":"https:\/\/oxfordlearning.com\/fr\/wp-json\/wp\/v2\/pages\/1439","targetHints":{"allow":["GET"]}}],"collection":[{"href":"https:\/\/oxfordlearning.com\/fr\/wp-json\/wp\/v2\/pages"}],"about":[{"href":"https:\/\/oxfordlearning.com\/fr\/wp-json\/wp\/v2\/types\/page"}],"author":[{"embeddable":true,"href":"https:\/\/oxfordlearning.com\/fr\/wp-json\/wp\/v2\/users\/3"}],"replies":[{"embeddable":true,"href":"https:\/\/oxfordlearning.com\/fr\/wp-json\/wp\/v2\/comments?post=1439"}],"version-history":[{"count":0,"href":"https:\/\/oxfordlearning.com\/fr\/wp-json\/wp\/v2\/pages\/1439\/revisions"}],"wp:attachment":[{"href":"https:\/\/oxfordlearning.com\/fr\/wp-json\/wp\/v2\/media?parent=1439"}],"curies":[{"name":"wp","href":"https:\/\/api.w.org\/{rel}","templated":true}]}}