{"id":16760,"date":"2024-09-05T17:31:16","date_gmt":"2024-09-05T17:31:16","guid":{"rendered":"https:\/\/oxfordlearning.com\/politique-de-confidentialite\/"},"modified":"2025-04-02T17:57:05","modified_gmt":"2025-04-02T17:57:05","slug":"politique-de-confidentialite","status":"publish","type":"page","link":"https:\/\/oxfordlearning.com\/fr\/politique-de-confidentialite\/","title":{"rendered":"Politique de confidentialit\u00e9"},"content":{"rendered":"\t\t<div data-elementor-type=\"wp-page\" data-elementor-id=\"16760\" class=\"elementor elementor-16760 elementor-473\" data-elementor-post-type=\"page\">\n\t\t\t\t<div class=\"elementor-element elementor-element-77e9e44 e-flex e-con-boxed e-con e-parent\" data-id=\"77e9e44\" data-element_type=\"container\" data-e-type=\"container\">\n\t\t\t\t\t<div class=\"e-con-inner\">\n\t\t\t\t<div class=\"elementor-element elementor-element-ffc7a12 elementor-widget elementor-widget-text-editor\" data-id=\"ffc7a12\" data-element_type=\"widget\" data-e-type=\"widget\" data-widget_type=\"text-editor.default\">\n\t\t\t\t<div class=\"elementor-widget-container\">\n\t\t\t\t\t\t\t\t\t<h3><b>Cette politique de confidentialit\u00e9 a \u00e9t\u00e9 modifi\u00e9e pour la derni\u00e8re fois le 14 f\u00e9vrier 2024.<\/b><\/h3><p>La politique de confidentialit\u00e9 d&rsquo;Oxford Learning\u00ae a \u00e9t\u00e9 mise \u00e0 jour conform\u00e9ment aux nouvelles r\u00e9glementations \u00e9tablies par le GDPR et la nouvelle l\u00e9gislation de l&rsquo;UE entourant la collecte de donn\u00e9es et les informations sur la vie priv\u00e9e.<\/p><p>Oxford Learning Centres, Inc. exploite le site web <a>www.oxfordlearning.com<\/a>. Cette page vous informe de la mani\u00e8re dont nous collectons et utilisons les informations personnelles que nous recevons des visiteurs de notre site web. <\/p><p>En utilisant ce site, vous acceptez la collecte et l&rsquo;utilisation d&rsquo;informations conform\u00e9ment \u00e0 la pr\u00e9sente politique. Vos informations personnelles sont utilis\u00e9es en conjonction avec des sites web tiers \u00e0 des fins de contact et de marketing continu, telles que les courriels, le suivi des appels, l&rsquo;analyse marketing et la gestion de la relation client. En utilisant ce site web, vous acceptez la collecte et l&rsquo;utilisation des informations conform\u00e9ment \u00e0 la pr\u00e9sente politique.  <\/p><p>Lorsque vous utilisez notre site, nous pouvons vous demander de nous fournir certaines informations personnellement identifiables qui peuvent \u00eatre utilis\u00e9es pour vous contacter ou vous identifier. Les informations personnellement identifiables peuvent inclure, sans s&rsquo;y limiter, votre nom, votre adresse \u00e9lectronique, votre adresse postale et votre num\u00e9ro de t\u00e9l\u00e9phone (\u00ab informations personnelles \u00bb). <\/p><p>Nos formulaires de donn\u00e9es indiquent toujours que les informations saisies sont collect\u00e9es \u00e0 des fins de communication. \u00c0 tout moment du processus de collecte de donn\u00e9es et de communication, les utilisateurs peuvent se d\u00e9sinscrire ou ajuster leurs param\u00e8tres pour emp\u00eacher la collecte d&rsquo;informations. <\/p><h4>Donn\u00e9es de connexion<\/h4><p>Comme de nombreux op\u00e9rateurs de sites, nous collectons des informations que votre navigateur envoie lorsque vous visitez notre site (\u00ab donn\u00e9es de journal \u00bb). Ces donn\u00e9es peuvent inclure des informations telles que l&rsquo;adresse IP (Internet Protocol) de votre ordinateur, le type et la version de votre navigateur, les pages de notre site que vous visitez, l&rsquo;heure et la date de votre visite, le temps pass\u00e9 sur ces pages et d&rsquo;autres statistiques. <\/p><h4>Cookies<\/h4><p>Les cookies sont des fichiers contenant une petite quantit\u00e9 de donn\u00e9es, qui peuvent inclure un identifiant unique anonyme. Les cookies sont envoy\u00e9s \u00e0 votre navigateur par un site web et stock\u00e9s sur le disque dur de votre ordinateur. <\/p><p>Comme de nombreux sites, nous utilisons des \u00ab cookies \u00bb pour collecter des informations. Vous pouvez demander \u00e0 votre navigateur de refuser tous les cookies ou de vous indiquer quand un cookie est envoy\u00e9. Toutefois, si vous n&rsquo;acceptez pas les cookies, il se peut que vous ne puissiez pas utiliser certaines parties de notre site.   <\/p><p>Si vous le souhaitez, vous pouvez d\u00e9sactiver les cookies dans les pr\u00e9f\u00e9rences de votre navigateur web. Les instructions relatives \u00e0 la d\u00e9sactivation des cookies varient en fonction du navigateur que vous utilisez. Vous trouverez ci-dessous des liens pour d\u00e9sactiver les cookies sur diff\u00e9rents navigateurs populaires : <a href=\"https:\/\/support.google.com\/accounts\/answer\/61416?co=GENIE.Platform%253DDesktop&amp;hl=en\">Google Chrome<\/a>, <a href=\"https:\/\/support.mozilla.org\/en-US\/kb\/enable-and-disable-cookies-website-preferences\">Mozilla Firefox<\/a>, <a href=\"https:\/\/support.apple.com\/kb\/ph21411?locale=en_US\">Apple Safari<\/a>.  <\/p><h4>Cookie DoubleClick<\/h4><p>Google, en tant que fournisseur tiers, utilise des cookies pour diffuser des annonces sur notre Site. L&rsquo;utilisation par Google du cookie DoubleClick lui permet, ainsi qu&rsquo;\u00e0 ses partenaires, de diffuser des annonces \u00e0 nos utilisateurs en fonction de leur visite sur notre Site ou sur d&rsquo;autres sites Internet. <\/p><p>Vous pouvez d\u00e9sactiver l&rsquo;utilisation du cookie DoubleClick pour la publicit\u00e9 bas\u00e9e sur les centres d&rsquo;int\u00e9r\u00eat en visitant la page <a href=\"https:\/\/adssettings.google.com\/authenticated\">Param\u00e8tres des annonces Google<\/a>.<\/p><h4>Google AdWords<\/h4><p>Ce site utilise le service de remarketing de Google AdWords en Am\u00e9rique du Nord pour faire de la publicit\u00e9 sur des sites tiers (y compris Google) aupr\u00e8s des visiteurs pr\u00e9c\u00e9dents de notre site. Cela peut signifier que nous faisons de la publicit\u00e9 aupr\u00e8s des visiteurs pr\u00e9c\u00e9dents qui n&rsquo;ont pas effectu\u00e9 une t\u00e2che sur notre site, par exemple en utilisant le formulaire de contact pour faire une demande. Il peut s&rsquo;agir d&rsquo;une publicit\u00e9 sur la page de r\u00e9sultats de recherche de Google ou sur un site du R\u00e9seau Display de Google. Des fournisseurs tiers, dont Google, utilisent des cookies pour diffuser des annonces bas\u00e9es sur les visites ant\u00e9rieures d&rsquo;une personne sur le site. Toutes les donn\u00e9es collect\u00e9es seront utilis\u00e9es conform\u00e9ment \u00e0 notre politique de confidentialit\u00e9 et \u00e0 celle de Google.    <\/p><p>Vous pouvez d\u00e9finir vos pr\u00e9f\u00e9rences quant \u00e0 la mani\u00e8re dont Google vous fait de la publicit\u00e9 en utilisant la <a href=\"http:\/\/www.google.com\/settings\/ads\/onweb\/\">page Pr\u00e9f\u00e9rences publicitaires de Google<\/a>, et, si vous le souhaitez, vous pouvez <a href=\"http:\/\/www.google.com\/settings\/ads\/onweb\/\">d\u00e9sactiver enti\u00e8rement la publicit\u00e9 cibl\u00e9e par centres d&rsquo;int\u00e9r\u00eat en param\u00e9trant les cookies<\/a> ou <a href=\"http:\/\/www.google.com\/ads\/preferences\/html\/intl\/en\/plugin\/\">en utilisant de mani\u00e8re permanente un plugin de navigateur<\/a>.<\/p><p>Nous utilisons \u00ab Google Analytics \u00bb pour collecter des informations sur l&rsquo;utilisation de ce site. Google Analytics recueille des informations telles que la fr\u00e9quence \u00e0 laquelle les utilisateurs visitent ce site, les pages qu&rsquo;ils consultent et les autres sites qu&rsquo;ils ont visit\u00e9s avant d&rsquo;arriver sur ce site. Nous utilisons les informations obtenues de Google Analytics uniquement pour am\u00e9liorer ce site. Google Analytics ne recueille que l&rsquo;adresse IP qui vous est attribu\u00e9e \u00e0 la date de votre visite sur ce site, et non votre nom ou d&rsquo;autres informations permettant de vous identifier. Nous ne combinons pas les informations collect\u00e9es par l&rsquo;interm\u00e9diaire de Google Analytics avec des informations permettant de vous identifier personnellement. Bien que Google Analytics implante un cookie permanent sur votre navigateur web pour vous identifier en tant qu&rsquo;utilisateur unique lors de votre prochaine visite sur ce site, ce cookie ne peut \u00eatre utilis\u00e9 par personne d&rsquo;autre que Google. Toutes les donn\u00e9es datant de plus de deux ans sont supprim\u00e9es. La possibilit\u00e9 pour Google d&rsquo;utiliser et de partager les informations collect\u00e9es par Google Analytics concernant vos visites sur ce site est limit\u00e9e par les conditions d&rsquo;utilisation de Google Analytics (telles que modifi\u00e9es pour les sites Web gouvernementaux) et par les r\u00e8gles de confidentialit\u00e9 de Google. Vous pouvez emp\u00eacher Google Analytics de vous reconna\u00eetre lors de vos prochaines visites sur ce site en d\u00e9sactivant les cookies dans votre navigateur.        <\/p><p>Google Analytics utilise des cookies pour d\u00e9finir les sessions des utilisateurs, ce qui permet de collecter des donn\u00e9es sur la mani\u00e8re dont les visiteurs utilisent les sites web. Google Analytics utilise uniquement des cookies de premi\u00e8re partie pour l&rsquo;analyse des donn\u00e9es. Cela signifie que les cookies sont li\u00e9s \u00e0 un domaine sp\u00e9cifique du site web et que Google Analytics n&rsquo;utilisera les donn\u00e9es des cookies que pour des analyses statistiques li\u00e9es \u00e0 votre comportement de navigation sur ce site web sp\u00e9cifique. Selon Google, les donn\u00e9es collect\u00e9es ne peuvent pas \u00eatre modifi\u00e9es ou r\u00e9cup\u00e9r\u00e9es par des services d&rsquo;autres domaines.   <\/p><h4>Communications<\/h4><p>Nous pouvons utiliser vos informations personnelles pour vous contacter et vous envoyer des bulletins d&rsquo;information, des documents marketing tels que des cartes postales ou des documents promotionnels, ainsi que d&rsquo;autres informations susceptibles de vous int\u00e9resser. Vous pouvez refuser de recevoir tout ou partie de ces communications en suivant les instructions de d\u00e9sabonnement fournies dans les courriers \u00e9lectroniques que nous vous envoyons. <\/p><h4>Respect des lois<\/h4><p>Nous divulguerons vos informations personnelles si la loi ou une citation \u00e0 compara\u00eetre l&rsquo;exige ou si nous estimons qu&rsquo;une telle action est n\u00e9cessaire pour se conformer \u00e0 la loi et aux demandes raisonnables des autorit\u00e9s charg\u00e9es de l&rsquo;application de la loi ou pour prot\u00e9ger la s\u00e9curit\u00e9 ou l&rsquo;int\u00e9grit\u00e9 de notre site.<\/p><h4>Transaction commerciale<\/h4><p>Si nous sommes impliqu\u00e9s dans une fusion, une acquisition ou une vente d&rsquo;actifs, vos informations personnelles peuvent \u00eatre transf\u00e9r\u00e9es. Nous vous pr\u00e9viendrons avant que vos informations personnelles ne soient transf\u00e9r\u00e9es et soumises \u00e0 une politique de confidentialit\u00e9 diff\u00e9rente. <\/p><h4>S\u00e9curit\u00e9<\/h4><p>La s\u00e9curit\u00e9 de vos informations personnelles est importante pour nous, mais n&rsquo;oubliez pas qu&rsquo;aucune m\u00e9thode de transmission sur Internet ou de stockage \u00e9lectronique n&rsquo;est s\u00fbre \u00e0 100 %. Bien que nous nous efforcions d&rsquo;utiliser des moyens commercialement acceptables pour prot\u00e9ger vos informations personnelles, nous ne pouvons pas garantir leur s\u00e9curit\u00e9 absolue. <\/p><h4>Liens vers d&rsquo;autres sites<\/h4><p>Notre site peut contenir des liens vers d&rsquo;autres sites qui ne sont pas exploit\u00e9s par nous. Si vous cliquez sur le lien d&rsquo;un tiers, vous serez dirig\u00e9 vers le site de ce tiers. Nous vous conseillons vivement de consulter la politique de confidentialit\u00e9 de chaque site que vous visitez. Nous n&rsquo;avons aucun contr\u00f4le sur le contenu, les politiques de confidentialit\u00e9 ou les pratiques des sites ou services tiers et n&rsquo;assumons aucune responsabilit\u00e9 \u00e0 cet \u00e9gard. Vous ne pouvez pas cr\u00e9er de lien vers notre site Web sans l&rsquo;autorisation expresse d&rsquo;Oxford Learning Centres, Inc.    <\/p><h4>Vie priv\u00e9e des enfants<\/h4><p>Notre site ne s&rsquo;adresse pas aux personnes \u00e2g\u00e9es de moins de 13 ans (\u00ab enfants \u00bb). Nous ne recueillons pas sciemment d&rsquo;informations personnellement identifiables aupr\u00e8s d&rsquo;enfants de moins de 13 ans. Si vous \u00eates un parent ou un tuteur et que vous savez que votre enfant nous a fourni des informations personnelles, veuillez nous contacter. Si nous d\u00e9couvrons qu&rsquo;un enfant de moins de 13 ans nous a fourni des informations personnelles, nous supprimerons imm\u00e9diatement ces informations de nos serveurs.   <\/p><h4>Politique de confidentialit\u00e9 de l&rsquo;entreprise<\/h4><p>Veuillez <a href=\"https:\/\/www.oxfordlearning.com\/corporate-privacy-policy\/\">cliquer ici<\/a> pour consulter notre <a href=\"https:\/\/www.oxfordlearning.com\/corporate-privacy-policy\/\">politique de confidentialit\u00e9<\/a>.<\/p><h4>Modifications de la pr\u00e9sente politique de confidentialit\u00e9<\/h4><p>La pr\u00e9sente politique de confidentialit\u00e9 peut \u00eatre mise \u00e0 jour de temps \u00e0 autre. Nous vous informerons de toute modification en publiant la nouvelle politique de confidentialit\u00e9 sur le site. Nous vous conseillons de consulter r\u00e9guli\u00e8rement la pr\u00e9sente politique de confidentialit\u00e9 pour prendre connaissance des \u00e9ventuelles modifications.  <\/p><h4>Contacter Oxford Learning<\/h4><p>Si vous avez des questions sur la politique de confidentialit\u00e9 d&rsquo;Oxford Learning, veuillez envoyer un courriel \u00e0 <a href=\"mailto:privacy@oxfordlearning.com\">privacy@oxfordlearning.com<\/a>.<\/p><p><strong>Coordonn\u00e9es du responsable de la protection de la vie priv\u00e9e :<\/strong><br>Chris Millar<br>Courriel : <a href=\"mailto:privacy@oxfordlearning.com\">privacy@oxfordlearning.com<\/a><br>T\u00e9l\u00e9phone : 519.473.1207 x129<\/p>\t\t\t\t\t\t\t\t<\/div>\n\t\t\t\t<\/div>\n\t\t\t\t\t<\/div>\n\t\t\t\t<\/div>\n\t\t\t\t<\/div>\n\t\t","protected":false},"excerpt":{"rendered":"<p>Cette politique de confidentialit\u00e9 a \u00e9t\u00e9 modifi\u00e9e pour la derni\u00e8re fois le 14 f\u00e9vrier 2024. La politique de confidentialit\u00e9 d&rsquo;Oxford Learning\u00ae a \u00e9t\u00e9 mise \u00e0 jour conform\u00e9ment aux nouvelles r\u00e9glementations \u00e9tablies par le GDPR et la nouvelle l\u00e9gislation de l&rsquo;UE entourant la collecte de donn\u00e9es et les informations sur la vie priv\u00e9e. Oxford Learning Centres, [&hellip;] [&hellip;]<\/p>\n","protected":false},"author":3,"featured_media":0,"parent":0,"menu_order":0,"comment_status":"closed","ping_status":"closed","template":"","meta":{"footnotes":""},"class_list":["post-16760","page","type-page","status-publish","hentry"],"yoast_head":"<!-- This site is optimized with the Yoast SEO plugin v27.4 - https:\/\/yoast.com\/product\/yoast-seo-wordpress\/ -->\n<title>Politique de confidentialit\u00e9 - Oxford Learning<\/title>\n<meta name=\"robots\" content=\"index, follow, max-snippet:-1, max-image-preview:large, max-video-preview:-1\" \/>\n<link rel=\"canonical\" href=\"https:\/\/oxfordlearning.com\/fr\/politique-de-confidentialite\/\" \/>\n<meta property=\"og:locale\" content=\"fr_FR\" \/>\n<meta property=\"og:type\" content=\"article\" \/>\n<meta property=\"og:title\" content=\"Politique de confidentialit\u00e9 - Oxford Learning\" \/>\n<meta property=\"og:description\" content=\"Cette politique de confidentialit\u00e9 a \u00e9t\u00e9 modifi\u00e9e pour la derni\u00e8re fois le 14 f\u00e9vrier 2024. La politique de confidentialit\u00e9 d&rsquo;Oxford Learning\u00ae a \u00e9t\u00e9 mise \u00e0 jour conform\u00e9ment aux nouvelles r\u00e9glementations \u00e9tablies par le GDPR et la nouvelle l\u00e9gislation de l&rsquo;UE entourant la collecte de donn\u00e9es et les informations sur la vie priv\u00e9e. Oxford Learning Centres, [&hellip;] [&hellip;]\" \/>\n<meta property=\"og:url\" content=\"https:\/\/oxfordlearning.com\/fr\/politique-de-confidentialite\/\" \/>\n<meta property=\"og:site_name\" content=\"Oxford Learning\" \/>\n<meta property=\"article:publisher\" content=\"https:\/\/www.facebook.com\/OxfordLearning\/\" \/>\n<meta property=\"article:modified_time\" content=\"2025-04-02T17:57:05+00:00\" \/>\n<meta property=\"og:image\" content=\"https:\/\/oxfordlearning.com\/wp-content\/uploads\/2025\/09\/Oxford_Logo_Preview.png\" \/>\n\t<meta property=\"og:image:width\" content=\"700\" \/>\n\t<meta property=\"og:image:height\" content=\"368\" \/>\n\t<meta property=\"og:image:type\" content=\"image\/png\" \/>\n<meta name=\"twitter:card\" content=\"summary_large_image\" \/>\n<meta name=\"twitter:site\" content=\"@oxfordlearning\" \/>\n<meta name=\"twitter:label1\" content=\"Dur\u00e9e de lecture estim\u00e9e\" \/>\n\t<meta name=\"twitter:data1\" content=\"8 minutes\" \/>\n<script type=\"application\/ld+json\" class=\"yoast-schema-graph\">{\"@context\":\"https:\\\/\\\/schema.org\",\"@graph\":[{\"@type\":\"WebPage\",\"@id\":\"https:\\\/\\\/oxfordlearning.com\\\/fr\\\/politique-de-confidentialite\\\/\",\"url\":\"https:\\\/\\\/oxfordlearning.com\\\/fr\\\/politique-de-confidentialite\\\/\",\"name\":\"Politique de confidentialit\u00e9 - Oxford Learning\",\"isPartOf\":{\"@id\":\"https:\\\/\\\/oxfordlearning.com\\\/fr\\\/#website\"},\"datePublished\":\"2024-09-05T17:31:16+00:00\",\"dateModified\":\"2025-04-02T17:57:05+00:00\",\"breadcrumb\":{\"@id\":\"https:\\\/\\\/oxfordlearning.com\\\/fr\\\/politique-de-confidentialite\\\/#breadcrumb\"},\"inLanguage\":\"fr-FR\",\"potentialAction\":[{\"@type\":\"ReadAction\",\"target\":[\"https:\\\/\\\/oxfordlearning.com\\\/fr\\\/politique-de-confidentialite\\\/\"]}]},{\"@type\":\"BreadcrumbList\",\"@id\":\"https:\\\/\\\/oxfordlearning.com\\\/fr\\\/politique-de-confidentialite\\\/#breadcrumb\",\"itemListElement\":[{\"@type\":\"ListItem\",\"position\":1,\"name\":\"Accueil\",\"item\":\"https:\\\/\\\/oxfordlearning.com\\\/fr\\\/\"},{\"@type\":\"ListItem\",\"position\":2,\"name\":\"Politique de confidentialit\u00e9\"}]},{\"@type\":\"WebSite\",\"@id\":\"https:\\\/\\\/oxfordlearning.com\\\/fr\\\/#website\",\"url\":\"https:\\\/\\\/oxfordlearning.com\\\/fr\\\/\",\"name\":\"Oxford Learning\",\"description\":\"Never Stop Learning\",\"publisher\":{\"@id\":\"https:\\\/\\\/oxfordlearning.com\\\/fr\\\/#organization\"},\"potentialAction\":[{\"@type\":\"SearchAction\",\"target\":{\"@type\":\"EntryPoint\",\"urlTemplate\":\"https:\\\/\\\/oxfordlearning.com\\\/fr\\\/?s={search_term_string}\"},\"query-input\":{\"@type\":\"PropertyValueSpecification\",\"valueRequired\":true,\"valueName\":\"search_term_string\"}}],\"inLanguage\":\"fr-FR\"},{\"@type\":\"Organization\",\"@id\":\"https:\\\/\\\/oxfordlearning.com\\\/fr\\\/#organization\",\"name\":\"Le Centre d\u2019apprentissage Oxford\",\"url\":\"https:\\\/\\\/oxfordlearning.com\\\/fr\\\/\",\"logo\":{\"@type\":\"ImageObject\",\"inLanguage\":\"fr-FR\",\"@id\":\"https:\\\/\\\/oxfordlearning.com\\\/fr\\\/#\\\/schema\\\/logo\\\/image\\\/\",\"url\":\"https:\\\/\\\/oxfordlearning.com\\\/wp-content\\\/uploads\\\/2025\\\/09\\\/Oxford_Logo_Preview.png\",\"contentUrl\":\"https:\\\/\\\/oxfordlearning.com\\\/wp-content\\\/uploads\\\/2025\\\/09\\\/Oxford_Logo_Preview.png\",\"width\":700,\"height\":368,\"caption\":\"Le Centre d\u2019apprentissage Oxford\"},\"image\":{\"@id\":\"https:\\\/\\\/oxfordlearning.com\\\/fr\\\/#\\\/schema\\\/logo\\\/image\\\/\"},\"sameAs\":[\"https:\\\/\\\/www.facebook.com\\\/OxfordLearning\\\/\",\"https:\\\/\\\/x.com\\\/oxfordlearning\"]}]}<\/script>\n<!-- \/ Yoast SEO plugin. -->","yoast_head_json":{"title":"Politique de confidentialit\u00e9 - Oxford Learning","robots":{"index":"index","follow":"follow","max-snippet":"max-snippet:-1","max-image-preview":"max-image-preview:large","max-video-preview":"max-video-preview:-1"},"canonical":"https:\/\/oxfordlearning.com\/fr\/politique-de-confidentialite\/","og_locale":"fr_FR","og_type":"article","og_title":"Politique de confidentialit\u00e9 - Oxford Learning","og_description":"Cette politique de confidentialit\u00e9 a \u00e9t\u00e9 modifi\u00e9e pour la derni\u00e8re fois le 14 f\u00e9vrier 2024. La politique de confidentialit\u00e9 d&rsquo;Oxford Learning\u00ae a \u00e9t\u00e9 mise \u00e0 jour conform\u00e9ment aux nouvelles r\u00e9glementations \u00e9tablies par le GDPR et la nouvelle l\u00e9gislation de l&rsquo;UE entourant la collecte de donn\u00e9es et les informations sur la vie priv\u00e9e. Oxford Learning Centres, [&hellip;] [&hellip;]","og_url":"https:\/\/oxfordlearning.com\/fr\/politique-de-confidentialite\/","og_site_name":"Oxford Learning","article_publisher":"https:\/\/www.facebook.com\/OxfordLearning\/","article_modified_time":"2025-04-02T17:57:05+00:00","og_image":[{"width":700,"height":368,"url":"https:\/\/oxfordlearning.com\/wp-content\/uploads\/2025\/09\/Oxford_Logo_Preview.png","type":"image\/png"}],"twitter_card":"summary_large_image","twitter_site":"@oxfordlearning","twitter_misc":{"Dur\u00e9e de lecture estim\u00e9e":"8 minutes"},"schema":{"@context":"https:\/\/schema.org","@graph":[{"@type":"WebPage","@id":"https:\/\/oxfordlearning.com\/fr\/politique-de-confidentialite\/","url":"https:\/\/oxfordlearning.com\/fr\/politique-de-confidentialite\/","name":"Politique de confidentialit\u00e9 - Oxford Learning","isPartOf":{"@id":"https:\/\/oxfordlearning.com\/fr\/#website"},"datePublished":"2024-09-05T17:31:16+00:00","dateModified":"2025-04-02T17:57:05+00:00","breadcrumb":{"@id":"https:\/\/oxfordlearning.com\/fr\/politique-de-confidentialite\/#breadcrumb"},"inLanguage":"fr-FR","potentialAction":[{"@type":"ReadAction","target":["https:\/\/oxfordlearning.com\/fr\/politique-de-confidentialite\/"]}]},{"@type":"BreadcrumbList","@id":"https:\/\/oxfordlearning.com\/fr\/politique-de-confidentialite\/#breadcrumb","itemListElement":[{"@type":"ListItem","position":1,"name":"Accueil","item":"https:\/\/oxfordlearning.com\/fr\/"},{"@type":"ListItem","position":2,"name":"Politique de confidentialit\u00e9"}]},{"@type":"WebSite","@id":"https:\/\/oxfordlearning.com\/fr\/#website","url":"https:\/\/oxfordlearning.com\/fr\/","name":"Oxford Learning","description":"Never Stop Learning","publisher":{"@id":"https:\/\/oxfordlearning.com\/fr\/#organization"},"potentialAction":[{"@type":"SearchAction","target":{"@type":"EntryPoint","urlTemplate":"https:\/\/oxfordlearning.com\/fr\/?s={search_term_string}"},"query-input":{"@type":"PropertyValueSpecification","valueRequired":true,"valueName":"search_term_string"}}],"inLanguage":"fr-FR"},{"@type":"Organization","@id":"https:\/\/oxfordlearning.com\/fr\/#organization","name":"Le Centre d\u2019apprentissage Oxford","url":"https:\/\/oxfordlearning.com\/fr\/","logo":{"@type":"ImageObject","inLanguage":"fr-FR","@id":"https:\/\/oxfordlearning.com\/fr\/#\/schema\/logo\/image\/","url":"https:\/\/oxfordlearning.com\/wp-content\/uploads\/2025\/09\/Oxford_Logo_Preview.png","contentUrl":"https:\/\/oxfordlearning.com\/wp-content\/uploads\/2025\/09\/Oxford_Logo_Preview.png","width":700,"height":368,"caption":"Le Centre d\u2019apprentissage Oxford"},"image":{"@id":"https:\/\/oxfordlearning.com\/fr\/#\/schema\/logo\/image\/"},"sameAs":["https:\/\/www.facebook.com\/OxfordLearning\/","https:\/\/x.com\/oxfordlearning"]}]}},"meta_box":[],"_links":{"self":[{"href":"https:\/\/oxfordlearning.com\/fr\/wp-json\/wp\/v2\/pages\/16760","targetHints":{"allow":["GET"]}}],"collection":[{"href":"https:\/\/oxfordlearning.com\/fr\/wp-json\/wp\/v2\/pages"}],"about":[{"href":"https:\/\/oxfordlearning.com\/fr\/wp-json\/wp\/v2\/types\/page"}],"author":[{"embeddable":true,"href":"https:\/\/oxfordlearning.com\/fr\/wp-json\/wp\/v2\/users\/3"}],"replies":[{"embeddable":true,"href":"https:\/\/oxfordlearning.com\/fr\/wp-json\/wp\/v2\/comments?post=16760"}],"version-history":[{"count":0,"href":"https:\/\/oxfordlearning.com\/fr\/wp-json\/wp\/v2\/pages\/16760\/revisions"}],"wp:attachment":[{"href":"https:\/\/oxfordlearning.com\/fr\/wp-json\/wp\/v2\/media?parent=16760"}],"curies":[{"name":"wp","href":"https:\/\/api.w.org\/{rel}","templated":true}]}}